{"id":381,"date":"2025-12-02T22:06:40","date_gmt":"2025-12-02T22:06:40","guid":{"rendered":"https:\/\/buy.daytonproper.com\/?page_id=381"},"modified":"2025-12-07T19:46:11","modified_gmt":"2025-12-07T19:46:11","slug":"midtown-dayton","status":"publish","type":"page","link":"https:\/\/buy.daytonproper.com\/es\/midtown-dayton\/","title":{"rendered":"Centro de Dayton"},"content":{"rendered":"<h1 class=\"wp-block-heading\">Midtown Dayton: conectado, en constante evoluci\u00f3n y con una ubicaci\u00f3n perfecta para una vida centrada en la ciudad.<\/h1>\n\n\n\n<p>Midtown Dayton es uno de los barrios mejor ubicados de la ciudad, situado entre el centro, el distrito m\u00e9dico, la zona de la Universidad de Dayton y varios corredores comerciales importantes. Esta ubicaci\u00f3n c\u00e9ntrica le da a Midtown una ventaja distintiva: ofrece a los residentes acceso directo a los empleos, escuelas, hospitales y lugares de entretenimiento de Dayton, al tiempo que mantiene un ambiente residencial y precios de vivienda asequibles.<\/p>\n\n\n\n<p>Con una mezcla de casas de principios y mediados de siglo, calles transitables y un creciente inter\u00e9s por parte de compradores que buscan proximidad a la ciudad sin los precios del centro, Midtown Dayton ofrece un atractivo equilibrio entre practicidad y potencial. Muchas casas cuentan con dise\u00f1os cl\u00e1sicos de Dayton, superficies manejables y oportunidades de renovaci\u00f3n, lo que hace que el barrio sea ideal tanto para compradores primerizos como para profesionales y residentes de larga duraci\u00f3n.<\/p>\n\n\n\n<p>Midtown no es un distrito hist\u00f3rico, ni una zona suburbana, ni una extensi\u00f3n del centro de la ciudad: se encuentra justo en el medio, tanto literal como estil\u00edsticamente. Eso le confiere una identidad \u00fanica: conectado, accesible y con una ubicaci\u00f3n tranquila que le garantiza una relevancia a largo plazo, a medida que Dayton contin\u00faa revitalizando sus barrios centrales.<\/p>\n\n\n\n<h2 class=\"wp-block-heading\">La historia del centro de Dayton y su desarrollo<\/h2>\n\n\n\n<p>Midtown Dayton se desarroll\u00f3 principalmente a principios del siglo XX, cuando la ciudad se expandi\u00f3 desde el centro urbano. A medida que el sistema de tranv\u00edas conectaba el centro de Dayton con las zonas perif\u00e9ricas, en barrios como Midtown se construyeron de manera constante viviendas unifamiliares dise\u00f1adas para los trabajadores empleados en la industria manufacturera, el comercio minorista, la educaci\u00f3n y la salud.<\/p>\n\n\n\n<p>A lo largo de las d\u00e9cadas de mediados de siglo, Midtown experiment\u00f3 una construcci\u00f3n de relleno y una densificaci\u00f3n gradual a medida que crec\u00eda la demanda de viviendas cercanas a los principales empleadores, como el Miami Valley Hospital y el distrito comercial del centro de la ciudad. Mientras que algunas cuadras conservaron su encanto de principios del siglo XX, otras vieron la introducci\u00f3n de estilos de viviendas ligeramente m\u00e1s modernos y peque\u00f1os edificios multifamiliares.<\/p>\n\n\n\n<p>Hoy en d\u00eda, Midtown sigue atrayendo a compradores que valoran la comodidad y la asequibilidad. Su ubicaci\u00f3n cerca de instituciones m\u00e9dicas, educativas y c\u00edvicas lo mantiene relevante y pr\u00e1ctico para una amplia gama de residentes.<\/p>\n\n\n\n<h2 class=\"wp-block-heading\">Estilos arquitect\u00f3nicos y caracter\u00edsticas de las viviendas<\/h2>\n\n\n\n<p>Las viviendas del centro de Dayton son muy diversas, lo que refleja d\u00e9cadas de desarrollo influenciadas por las tendencias arquitect\u00f3nicas de principios y mediados de siglo. Los compradores pueden esperar encontrar viviendas tradicionales de Dayton con distribuciones funcionales y un gran potencial de mejora.<\/p>\n\n\n\n<h3 class=\"wp-block-heading\">Casas cl\u00e1sicas de dos pisos<\/h3>\n\n\n\n<p>Estas propiedades suelen incluir:<\/p>\n\n\n\n<ul class=\"wp-block-list\">\n<li>Salones y comedores tradicionales<\/li>\n\n\n\n<li>Dormitorios en el segundo piso<\/li>\n\n\n\n<li>S\u00f3tanos completos para almacenamiento o taller.<\/li>\n\n\n\n<li>Porches delanteros que dan a calles transitables<\/li>\n\n\n\n<li>Cocinas eficientes y pr\u00e1cticas<\/li>\n<\/ul>\n\n\n\n<h3 class=\"wp-block-heading\">Bungalows y casas de una planta y media<\/h3>\n\n\n\n<p>Los compradores encontrar\u00e1n muchas casas estilo bungal\u00f3 con:<\/p>\n\n\n\n<ul class=\"wp-block-list\">\n<li>Dise\u00f1os compactos<\/li>\n\n\n\n<li>Habitaciones principales o espacios flexibles<\/li>\n\n\n\n<li>Detalles caracter\u00edsticos, como buhardillas y techos a dos aguas.<\/li>\n\n\n\n<li>Carpinter\u00eda o molduras originales en algunas casas.<\/li>\n<\/ul>\n\n\n\n<h3 class=\"wp-block-heading\">Casas de mediados de siglo y de la posguerra<\/h3>\n\n\n\n<p>Algunas zonas de Midtown incluyen viviendas construidas entre los a\u00f1os 40 y 60, que ofrecen:<\/p>\n\n\n\n<ul class=\"wp-block-list\">\n<li>Dise\u00f1os exteriores simplificados<\/li>\n\n\n\n<li>Cocinas comedor<\/li>\n\n\n\n<li>Aberturas de ventanas m\u00e1s grandes<\/li>\n\n\n\n<li>Garajes adjuntos o cercanos<\/li>\n<\/ul>\n\n\n\n<h3 class=\"wp-block-heading\">Edificios peque\u00f1os multifamiliares<\/h3>\n\n\n\n<p>Existe un n\u00famero limitado de d\u00faplex y peque\u00f1os edificios de apartamentos, lo que refleja la ubicaci\u00f3n c\u00e9ntrica del barrio y la demanda de opciones de alquiler accesibles.<\/p>\n\n\n\n<h2 class=\"wp-block-heading\">Distribuci\u00f3n y topograf\u00eda del vecindario<\/h2>\n\n\n\n<p>Midtown cuenta con una red de calles conectadas, manzanas transitables y un terreno llano, lo que facilita a los residentes desplazarse por la zona a pie, en bicicleta o en coche.<\/p>\n\n\n\n<h3 class=\"wp-block-heading\">Manzanas centrales transitables<\/h3>\n\n\n\n<p>La distribuci\u00f3n del vecindario favorece:<\/p>\n\n\n\n<ul class=\"wp-block-list\">\n<li>A poca distancia de escuelas, parques y comercios.<\/li>\n\n\n\n<li>Interacci\u00f3n frecuente entre vecinos.<\/li>\n\n\n\n<li>Una sensaci\u00f3n residencial centrada en la ciudad<\/li>\n<\/ul>\n\n\n\n<h3 class=\"wp-block-heading\">Terreno suavemente ondulado<\/h3>\n\n\n\n<p>Midtown incluye ligeros cambios de elevaci\u00f3n que crean un car\u00e1cter natural sin complicar el mantenimiento del jard\u00edn ni los desplazamientos diarios.<\/p>\n\n\n\n<h3 class=\"wp-block-heading\">Posicionamiento estrat\u00e9gico central<\/h3>\n\n\n\n<p>Una de las cualidades que definen a Midtown es su comodidad. El barrio ofrece acceso inmediato a:<\/p>\n\n\n\n<ul class=\"wp-block-list\">\n<li>Hospital Miami Valley y el Distrito M\u00e9dico<\/li>\n\n\n\n<li>Centro de Dayton<\/li>\n\n\n\n<li>Universidad de Dayton (cercana, pero sin gran afluencia de estudiantes)<\/li>\n\n\n\n<li>Restaurantes y tiendas en Brown Street<\/li>\n\n\n\n<li>US-35, Wayne Avenue y Stewart Street<\/li>\n<\/ul>\n\n\n\n<h2 class=\"wp-block-heading\">Distribuci\u00f3n interior y caracter\u00edsticas comunes de las viviendas<\/h2>\n\n\n\n<p>Las viviendas de Midtown suelen seguir los pr\u00e1cticos planos de Dayton, dise\u00f1ados pensando en el uso diario y la comodidad. La mayor\u00eda de las propiedades incluyen:<\/p>\n\n\n\n<ul class=\"wp-block-list\">\n<li>Dos o tres rec\u00e1maras<\/li>\n\n\n\n<li>Un ba\u00f1o o un ba\u00f1o y medio<\/li>\n\n\n\n<li>Sal\u00f3n y comedor independientes<\/li>\n\n\n\n<li>S\u00f3tanos para almacenamiento o espacio de trabajo<\/li>\n\n\n\n<li>Pisos de madera original en muchas casas antiguas.<\/li>\n\n\n\n<li>Cocinas sencillas y eficientes<\/li>\n<\/ul>\n\n\n\n<p>Algunas viviendas han sido renovadas con acabados modernos, mientras que otras ofrecen oportunidades para su renovaci\u00f3n y personalizaci\u00f3n.<\/p>\n\n\n\n<h2 class=\"wp-block-heading\">Identidad del vecindario y ambiente cotidiano<\/h2>\n\n\n\n<p>El centro de Dayton tiene una energ\u00eda emergente y discretamente din\u00e1mica. No es tan hist\u00f3rico como South Park, ni tan orientado a los estudiantes como University Park, ni tan densamente poblado como el centro de la ciudad, pero est\u00e1 lo suficientemente cerca de todo como para que el barrio se sienta conectado y c\u00e9ntrico.<\/p>\n\n\n\n<p>Las rutinas diarias en Midtown suelen incluir:<\/p>\n\n\n\n<ul class=\"wp-block-list\">\n<li>Cortos desplazamientos al centro de la ciudad o al hospital.<\/li>\n\n\n\n<li>Paseos nocturnos a cafeter\u00edas cercanas o negocios del vecindario.<\/li>\n\n\n\n<li>Relajarse en porches o en patios manejables.<\/li>\n\n\n\n<li>Proyectos de fin de semana que mejoran el valor de la propiedad a largo plazo<\/li>\n\n\n\n<li>Viajes r\u00e1pidos a tiendas de comestibles, centros comerciales y parques.<\/li>\n<\/ul>\n\n\n\n<p>El vecindario se caracteriza por su practicidad y proximidad, lo que lo hace ideal para los residentes que desean vivir cerca del centro de Dayton sin la densidad ni los precios del centro de la ciudad.<\/p>\n\n\n\n<h2 class=\"wp-block-heading\">Qu\u00e9 puedes comprar en Midtown Dayton a diferentes precios<\/h2>\n\n\n\n<h3 class=\"wp-block-heading\">$175 000 y m\u00e1s: viviendas totalmente renovadas<\/h3>\n\n\n\n<p>Las viviendas m\u00e1s cotizadas del mercado inmobiliario de Midtown pueden incluir:<\/p>\n\n\n\n<ul class=\"wp-block-list\">\n<li>Cocinas renovadas<\/li>\n\n\n\n<li>Ba\u00f1os modernos<\/li>\n\n\n\n<li>Suelos y accesorios m\u00e1s nuevos.<\/li>\n\n\n\n<li>Sistemas mec\u00e1nicos actualizados<\/li>\n\n\n\n<li>Caracter\u00edsticas exteriores renovadas<\/li>\n<\/ul>\n\n\n\n<h3 class=\"wp-block-heading\">$125,000\u2013$175,000 \u2014 Casas en buen estado, listas para entrar a vivir.<\/h3>\n\n\n\n<p>Estas viviendas suelen ofrecer:<\/p>\n\n\n\n<ul class=\"wp-block-list\">\n<li>Interiores limpios<\/li>\n\n\n\n<li>Algunos componentes actualizados<\/li>\n\n\n\n<li>Dise\u00f1os tradicionales funcionales<\/li>\n\n\n\n<li>Necesidades de mejora futuras manejables<\/li>\n<\/ul>\n\n\n\n<h3 class=\"wp-block-heading\">$90,000\u2013$125,000 \u2014 Casas cl\u00e1sicas pero anticuadas<\/h3>\n\n\n\n<ul class=\"wp-block-list\">\n<li>Cocinas y ba\u00f1os antiguos<\/li>\n\n\n\n<li>Suelos o alfombras originales<\/li>\n\n\n\n<li>Sistemas mec\u00e1nicos con vida \u00fatil restante<\/li>\n\n\n\n<li>Buen potencial de renovaci\u00f3n.<\/li>\n<\/ul>\n\n\n\n<h3 class=\"wp-block-heading\">$55,000\u2013$90,000 \u2014 Viviendas que necesitan reformas moderadas<\/h3>\n\n\n\n<p>Las propiedades de este nivel suelen requerir:<\/p>\n\n\n\n<ul class=\"wp-block-list\">\n<li>Renovaciones cosm\u00e9ticas<\/li>\n\n\n\n<li>Pisos y pintura<\/li>\n\n\n\n<li>Algunas mejoras mec\u00e1nicas<\/li>\n<\/ul>\n\n\n\n<h3 class=\"wp-block-heading\">Por debajo de $55,000: candidatos para renovaci\u00f3n completa<\/h3>\n\n\n\n<p>Disponibles ocasionalmente, estas propiedades pueden incluir:<\/p>\n\n\n\n<ul class=\"wp-block-list\">\n<li>Reparaciones importantes en el interior<\/li>\n\n\n\n<li>M\u00faltiples actualizaciones del sistema<\/li>\n\n\n\n<li>Restauraci\u00f3n exterior<\/li>\n<\/ul>\n\n\n\n<h2 class=\"wp-block-heading\">Para qui\u00e9n es ideal Midtown Dayton<\/h2>\n\n\n\n<h3 class=\"wp-block-heading\">Empleados del distrito hospitalario y m\u00e9dico<\/h3>\n\n\n\n<p>La proximidad de Midtown al Miami Valley Hospital hace que los desplazamientos sean excepcionalmente c\u00f3modos.<\/p>\n\n\n\n<h3 class=\"wp-block-heading\">Profesionales del centro de la ciudad<\/h3>\n\n\n\n<p>El corto trayecto al trabajo, junto con los precios de las viviendas m\u00e1s bajos que en el centro urbano, resulta atractivo para los trabajadores de la ciudad.<\/p>\n\n\n\n<h3 class=\"wp-block-heading\">Compradores por primera vez<\/h3>\n\n\n\n<p>Sus precios asequibles y el tama\u00f1o manejable de las viviendas hacen que Midtown sea ideal para los compradores que se estrenan en la propiedad de una vivienda.<\/p>\n\n\n\n<h3 class=\"wp-block-heading\">Residentes que desean accesibilidad<\/h3>\n\n\n\n<p>Vivir aqu\u00ed significa estar cerca de tiendas, restaurantes, lugares de entretenimiento y las principales carreteras.<\/p>\n\n\n\n<h2 class=\"wp-block-heading\">Servicios, tiendas y comodidades locales<\/h2>\n\n\n\n<p>Los residentes de Midtown disfrutan de un c\u00f3modo acceso a:<\/p>\n\n\n\n<ul class=\"wp-block-list\">\n<li>Restaurantes y cafeter\u00edas de Brown Street<\/li>\n\n\n\n<li>Tiendas de comestibles y farmacias<\/li>\n\n\n\n<li>Mercados locales y peque\u00f1as empresas<\/li>\n\n\n\n<li>Vida nocturna y lugares de trabajo en el centro de la ciudad<\/li>\n\n\n\n<li>Hospitales y centros m\u00e9dicos<\/li>\n<\/ul>\n\n\n\n<h2 class=\"wp-block-heading\">Parques y Recreaci\u00f3n<\/h2>\n\n\n\n<p>El vecindario ofrece f\u00e1cil acceso a varias opciones de recreaci\u00f3n:<\/p>\n\n\n\n<ul class=\"wp-block-list\">\n<li>Parque Burns-Jackson<\/li>\n\n\n\n<li>Centros comunitarios cercanos<\/li>\n\n\n\n<li>Rutas para caminar y andar en bicicleta hacia el centro de la ciudad y el r\u00edo.<\/li>\n\n\n\n<li>A poca distancia en coche de grandes parques metropolitanos<\/li>\n<\/ul>\n\n\n\n<h2 class=\"wp-block-heading\">Transitabilidad, movilidad y desplazamientos diarios<\/h2>\n\n\n\n<p>Este barrio, situado en el centro, hace que el transporte diario sea sencillo y eficiente.<\/p>\n\n\n\n<ul class=\"wp-block-list\">\n<li>Calles transitables en muchas direcciones.<\/li>\n\n\n\n<li>R\u00e1pido acceso al centro de la ciudad y a la UD.<\/li>\n\n\n\n<li>Acceso a la US-35, Wayne Avenue y la I-75.<\/li>\n\n\n\n<li>Acceso al transporte p\u00fablico en las principales v\u00edas cercanas.<\/li>\n<\/ul>\n\n\n\n<h2 class=\"wp-block-heading\">Fortalezas y retos para los compradores<\/h2>\n\n\n\n<h3 class=\"wp-block-heading\">Fortalezas<\/h3>\n\n\n\n<ul class=\"wp-block-list\">\n<li>Excelente ubicaci\u00f3n c\u00e9ntrica<\/li>\n\n\n\n<li>Precios de vivienda asequibles<\/li>\n\n\n\n<li>Calles transitables y buena conectividad<\/li>\n\n\n\n<li>Cerca de hospitales, trabajos y escuelas.<\/li>\n\n\n\n<li>Fuerte potencial a largo plazo<\/li>\n<\/ul>\n\n\n\n<h3 class=\"wp-block-heading\">Desaf\u00edos<\/h3>\n\n\n\n<ul class=\"wp-block-list\">\n<li>Casas antiguas que necesitan modernizarse<\/li>\n\n\n\n<li>Variaci\u00f3n en el mantenimiento bloque por bloque<\/li>\n\n\n\n<li>Propiedades exclusivas o de lujo limitadas<\/li>\n<\/ul>\n\n\n\n<h2 class=\"wp-block-heading\">Expectativas de inspecci\u00f3n y hallazgos comunes<\/h2>\n\n\n\n<p>Las notas t\u00edpicas de inspecci\u00f3n en las viviendas de Midtown Dayton pueden incluir:<\/p>\n\n\n\n<ul class=\"wp-block-list\">\n<li>Se necesitan actualizaciones el\u00e9ctricas en propiedades antiguas.<\/li>\n\n\n\n<li>Sistemas de climatizaci\u00f3n con desgaste a mitad de su vida \u00fatil<\/li>\n\n\n\n<li>Humedad en los s\u00f3tanos t\u00edpica de las primeras casas de Dayton.<\/li>\n\n\n\n<li>Secciones originales de plomer\u00eda listas para actualizaciones por etapas.<\/li>\n\n\n\n<li>Mantenimiento exterior, como pintura o revestimiento.<\/li>\n<\/ul>\n\n\n\n<h2 class=\"wp-block-heading\">Notas sobre el terreno, el drenaje y el medio ambiente<\/h2>\n\n\n\n<p>Las suaves pendientes y las parcelas urbanas tradicionales de Midtown dan lugar a necesidades medioambientales previsibles:<\/p>\n\n\n\n<ul class=\"wp-block-list\">\n<li>Mantenimiento de canaletas y bajantes<\/li>\n\n\n\n<li>Peque\u00f1os ajustes de nivelaci\u00f3n cerca de los cimientos.<\/li>\n\n\n\n<li>Poda de \u00e1rboles en manzanas antiguas<\/li>\n<\/ul>\n\n\n\n<h2 class=\"wp-block-heading\">Apreciaci\u00f3n a largo plazo y perspectivas del mercado<\/h2>\n\n\n\n<p>El centro de Dayton est\u00e1 posicionado para obtener un valor estable a largo plazo debido a su c\u00e9ntrica ubicaci\u00f3n, accesibilidad y relevancia para m\u00faltiples centros de trabajo. A medida que el distrito m\u00e9dico y el centro de la ciudad contin\u00faan creciendo, es probable que aumente la demanda de barrios residenciales cercanos.<\/p>\n\n\n\n<p>Entre los factores clave que respaldan la apreciaci\u00f3n se incluyen:<\/p>\n\n\n\n<ul class=\"wp-block-list\">\n<li>Reinversi\u00f3n continua en el centro de Dayton<\/li>\n\n\n\n<li>Proximidad a los principales n\u00facleos de empleo<\/li>\n\n\n\n<li>Aumento del inter\u00e9s de los compradores por la vida en la ciudad<\/li>\n<\/ul>\n\n\n\n<h2 class=\"wp-block-heading\">Comprar en Midtown Dayton frente a alquilar en las cercan\u00edas<\/h2>\n\n\n\n<p>Los pagos mensuales de las hipotecas en Midtown suelen ser m\u00e1s favorables que los alquileres en las zonas cercanas, especialmente en el centro de la ciudad o en los alrededores de la universidad.<\/p>\n\n\n\n<p>Ofertas para la adquisici\u00f3n de vivienda:<\/p>\n\n\n\n<ul class=\"wp-block-list\">\n<li>Crecimiento del capital a largo plazo<\/li>\n\n\n\n<li>Espacio privado y personal<\/li>\n\n\n\n<li>Pagos estables con financiamiento fijo<\/li>\n\n\n\n<li>Espacio para personalizar y mejorar<\/li>\n<\/ul>\n\n\n\n<h2 class=\"wp-block-heading\">C\u00f3mo Dayton Proper ayuda a los compradores a orientarse en Midtown<\/h2>\n\n\n\n<p>Dayton Proper ayuda a los compradores de Midtown de la siguiente manera:<\/p>\n\n\n\n<ul class=\"wp-block-list\">\n<li>Aclarar las condiciones t\u00edpicas del hogar<\/li>\n\n\n\n<li>Ayudar a los compradores a evaluar el valor frente a las necesidades de actualizaci\u00f3n.<\/li>\n\n\n\n<li>Interpretaci\u00f3n de las inspecciones en el contexto de las viviendas antiguas<\/li>\n\n\n\n<li>Comparaci\u00f3n de opciones en barrios c\u00e9ntricos cercanos<\/li>\n\n\n\n<li>Posicionar a los compradores de manera competitiva en propiedades atractivas.<\/li>\n<\/ul>\n\n\n\n<h2 class=\"wp-block-heading\">Vida cotidiana y ambiente en el centro de Dayton<\/h2>\n\n\n\n<p>La vida cotidiana en Midtown combina comodidad y confort. Los residentes disfrutan de:<\/p>\n\n\n\n<ul class=\"wp-block-list\">\n<li>Viajes cortos al trabajo y a la escuela<\/li>\n\n\n\n<li>Acceso r\u00e1pido a comida, parques y entretenimiento.<\/li>\n\n\n\n<li>Calles transitables con energ\u00eda del centro de la ciudad<\/li>\n\n\n\n<li>Tama\u00f1os de vivienda manejables y necesidades de mantenimiento<\/li>\n<\/ul>\n\n\n\n<h2 class=\"wp-block-heading\">Comparaci\u00f3n entre Midtown Dayton y otros barrios<\/h2>\n\n\n\n<p>Los compradores que exploran Midtown a menudo tambi\u00e9n consideran:<\/p>\n\n\n\n<ul class=\"wp-block-list\">\n<li><strong>South Park<\/strong> \u2014 Hist\u00f3rico, muy solicitado, pero m\u00e1s caro.<\/li>\n\n\n\n<li><strong>Parque Universitario<\/strong> \u2014 M\u00e1s cerca de la UD, m\u00e1s influencia estudiantil<\/li>\n\n\n\n<li><strong>Distrito de Oreg\u00f3n<\/strong> \u2014 Vida nocturna accesible a pie, precios m\u00e1s altos.<\/li>\n\n\n\n<li><strong>Parque Shroyer<\/strong> \u2014 Al este de UD, con casas de mediados de siglo.<\/li>\n\n\n\n<li><strong><a href=\"https:\/\/buy.daytonproper.com\/es\/grafton-hill\/\" data-type=\"page\" data-id=\"281\">Colina Grafton<\/a><\/strong> \u2014 Arquitectura hist\u00f3rica y car\u00e1cter fuerte<\/li>\n<\/ul>\n\n\n\n<h2 class=\"wp-block-heading\">Pr\u00f3ximos pasos para los compradores que est\u00e9n considerando Midtown Dayton<\/h2>\n\n\n\n<p>Midtown Dayton ofrece precios asequibles, una ubicaci\u00f3n c\u00e9ntrica y un gran potencial a largo plazo para los compradores que buscan las comodidades de la ciudad sin los precios del centro. Para los residentes que desean una vivienda accesible cerca del trabajo, el entretenimiento y las escuelas, Midtown ofrece practicidad y oportunidades.<\/p>\n\n\n\n<p>El siguiente paso es explorar las viviendas disponibles, comparar los planos de las diferentes manzanas e identificar la propiedad que mejor se adapte a su presupuesto y objetivos. Con su conocimiento y orientaci\u00f3n sobre la zona, Dayton Proper puede ayudarle a realizar una compra segura y bien informada en este barrio c\u00e9ntrico.<\/p>\n\n\n\n<p><strong>Comience hoy mismo la b\u00fasqueda de su casa en Midtown Dayton.<\/strong><br>Visita: <a href=\"https:\/\/buy.daytonproper.com\/es\/\">https:\/\/buy.daytonproper.com<\/a><\/p>\n\n\n\n<h2 class=\"wp-block-heading\">\u00bfListo para comprar una casa? Cont\u00e1ctenos a continuaci\u00f3n:<\/h2>\n\n\n<div class='fluentform ff-default fluentform_wrapper_3 ffs_default_wrap'><form data-form_id=\"3\" id=\"fluentform_3\" class=\"frm-fluent-form fluent_form_3 ff-el-form-top ff_form_instance_3_1 ff-form-loading ffs_default\" data-form_instance=\"ff_form_instance_3_1\" method=\"POST\" action=\"\" ><fieldset  style=\"border: none!important;margin: 0!important;padding: 0!important;background-color: transparent!important;box-shadow: none!important;outline: none!important; min-inline-size: 100%;\">\n                    <legend class=\"ff_screen_reader_title\" style=\"display: block; margin: 0!important;padding: 0!important;height: 0!important;text-indent: -999999px;width: 0!important;overflow:hidden;\">Formulario del comprador<\/legend><input type='hidden' name='__fluent_form_embded_post_id' value='381' \/><input type=\"hidden\" id=\"_fluentform_3_fluentformnonce\" name=\"_fluentform_3_fluentformnonce\" value=\"0d12b9eb03\" \/><input type=\"hidden\" name=\"_wp_http_referer\" value=\"\/es\/wp-json\/wp\/v2\/pages\/381\" \/><div data-type=\"name-element\" data-name=\"names\" class=\"ff-field_container ff-name-field-wrapper\" ><div class='ff-t-container'><div class='ff-t-cell'><div class='ff-el-group ff-el-form-top'><div class=\"ff-el-input--label asterisk-right\"><label for='ff_3_names_first_name_' id='label_ff_3_names_first_name_' >Nombre<\/label><\/div><div class='ff-el-input--content'><input type=\"text\" name=\"names[first_name]\" id=\"ff_3_names_first_name_\" class=\"ff-el-form-control\" placeholder=\"Ingrese su nombre\" aria-invalid=\"false\" aria-required=\"false\"><\/div><\/div><\/div><div class='ff-t-cell'><div class='ff-el-group ff-el-form-top'><div class=\"ff-el-input--label asterisk-right\"><label for='ff_3_names_last_name_' id='label_ff_3_names_last_name_' >Apellido<\/label><\/div><div class='ff-el-input--content'><input type=\"text\" name=\"names[last_name]\" id=\"ff_3_names_last_name_\" class=\"ff-el-form-control\" placeholder=\"Ingrese su apellido\" aria-invalid=\"false\" aria-required=\"false\"><\/div><\/div><\/div><\/div><\/div><div class='ff-el-group'><div class=\"ff-el-input--label ff-el-is-required asterisk-right\"><label for='ff_3_email' id='label_ff_3_email' aria-label=\"Correo electr\u00f3nico\">Correo electr\u00f3nico<\/label><\/div><div class='ff-el-input--content'><input type=\"email\" name=\"email\" id=\"ff_3_email\" class=\"ff-el-form-control\" placeholder=\"Direcci\u00f3n de correo electr\u00f3nico\" data-name=\"email\"  aria-invalid=\"false\" aria-required=\"true\"><\/div><\/div><div class='ff-el-group'><div class=\"ff-el-input--label ff-el-is-required asterisk-right\"><label for='ff_3_input_text' id='label_ff_3_input_text' aria-label=\"N\u00famero de tel\u00e9fono\">N\u00famero de tel\u00e9fono<\/label><\/div><div class='ff-el-input--content'><input type=\"text\" name=\"input_text\" class=\"ff-el-form-control\" placeholder=\"###-###-####\" data-name=\"input_text\" id=\"ff_3_input_text\"  aria-invalid=\"false\" aria-required=\"true\"><\/div><\/div><div class='ff-el-group'><div class=\"ff-el-input--label asterisk-right\"><label for='ff_3_description' id='label_ff_3_description' aria-label=\"Cu\u00e9ntenos qu\u00e9 est\u00e1 buscando:\">Cu\u00e9ntenos qu\u00e9 est\u00e1 buscando:<\/label><\/div><div class='ff-el-input--content'><textarea aria-required=\"false\" aria-labelledby=\"label_ff_3_description\" name=\"description\" id=\"ff_3_description\" class=\"ff-el-form-control\" placeholder=\"Lo que nos ser\u00eda de gran ayuda es que nos indicaras el n\u00famero de rec\u00e1maras y ba\u00f1os que deseas, el vecindario, el tama\u00f1o del jard\u00edn, el presupuesto y cualquier otra informaci\u00f3n que consideres que nos permitir\u00eda ayudarte mejor. \" rows=\"3\" cols=\"2\" data-name=\"description\" ><\/textarea><\/div><\/div><div class='ff-el-group ff-text-left ff_submit_btn_wrapper'><button type=\"submit\" class=\"ff-btn ff-btn-submit ff-btn-md ff_btn_style\"  aria-label=\"Enviar formulario\">Enviar formulario<\/button><\/div><\/fieldset><input type=\"hidden\" name=\"trp-form-language\" value=\"es\"\/><\/form><div id='fluentform_3_errors' class='ff-errors-in-stack ff_form_instance_3_1 ff-form-loading_errors ff_form_instance_3_1_errors'><\/div><\/div>            <script type=\"text\/javascript\">\n                window.fluent_form_ff_form_instance_3_1 = {\"id\":\"3\",\"settings\":{\"layout\":{\"labelPlacement\":\"top\",\"asteriskPlacement\":\"asterisk-right\",\"helpMessagePlacement\":\"with_label\",\"errorMessagePlacement\":\"inline\",\"cssClassName\":\"\"},\"restrictions\":{\"denyEmptySubmission\":{\"enabled\":false}}},\"form_instance\":\"ff_form_instance_3_1\",\"form_id_selector\":\"fluentform_3\",\"rules\":{\"names[first_name]\":{\"required\":{\"value\":false,\"message\":\"This field is required\",\"global_message\":\"This field is required\",\"global\":true}},\"names[middle_name]\":{\"required\":{\"value\":false,\"message\":\"This field is required\",\"global_message\":\"This field is required\",\"global\":true}},\"names[last_name]\":{\"required\":{\"value\":false,\"message\":\"This field is required\",\"global_message\":\"This field is required\",\"global\":true}},\"email\":{\"required\":{\"value\":true,\"message\":\"This field is required\",\"global_message\":\"This field is required\",\"global\":true},\"email\":{\"value\":true,\"message\":\"This field must contain a valid email\",\"global_message\":\"This field must contain a valid email\",\"global\":true}},\"input_text\":{\"required\":{\"value\":true,\"message\":\"This field is required\",\"global_message\":\"This field is required\",\"global\":true}},\"description\":{\"required\":{\"value\":false,\"message\":\"This field is required\",\"global_message\":\"This field is required\",\"global\":true}}},\"debounce_time\":300};\n                            <\/script>","protected":false},"excerpt":{"rendered":"<p>Midtown Dayton: Connected, Evolving, and Perfectly Positioned for City-Centric Living Midtown Dayton is one of the city\u2019s most conveniently located neighborhoods\u2014positioned between downtown, the Medical District, the University of Dayton area, and several major commercial corridors. This central geography gives Midtown a distinct advantage: it provides residents direct access to Dayton\u2019s jobs, schools, hospitals, and &#8230; <a title=\"Centro de Dayton\" class=\"read-more\" href=\"https:\/\/buy.daytonproper.com\/es\/midtown-dayton\/\" aria-label=\"Leer m\u00e1s sobre Midtown Dayton\">Leer m\u00e1s<\/a><\/p>","protected":false},"author":1,"featured_media":0,"parent":0,"menu_order":0,"comment_status":"closed","ping_status":"closed","template":"","meta":{"footnotes":""},"class_list":["post-381","page","type-page","status-publish"],"_hostinger_reach_plugin_has_subscription_block":false,"_hostinger_reach_plugin_is_elementor":false,"_links":{"self":[{"href":"https:\/\/buy.daytonproper.com\/es\/wp-json\/wp\/v2\/pages\/381","targetHints":{"allow":["GET"]}}],"collection":[{"href":"https:\/\/buy.daytonproper.com\/es\/wp-json\/wp\/v2\/pages"}],"about":[{"href":"https:\/\/buy.daytonproper.com\/es\/wp-json\/wp\/v2\/types\/page"}],"author":[{"embeddable":true,"href":"https:\/\/buy.daytonproper.com\/es\/wp-json\/wp\/v2\/users\/1"}],"replies":[{"embeddable":true,"href":"https:\/\/buy.daytonproper.com\/es\/wp-json\/wp\/v2\/comments?post=381"}],"version-history":[{"count":0,"href":"https:\/\/buy.daytonproper.com\/es\/wp-json\/wp\/v2\/pages\/381\/revisions"}],"wp:attachment":[{"href":"https:\/\/buy.daytonproper.com\/es\/wp-json\/wp\/v2\/media?parent=381"}],"curies":[{"name":"wp","href":"https:\/\/api.w.org\/{rel}","templated":true}]}}