{"id":4,"date":"2025-11-25T01:49:56","date_gmt":"2025-11-25T01:49:56","guid":{"rendered":"https:\/\/orchid-dotterel-828105.hostingersite.com\/?page_id=4"},"modified":"2025-12-07T19:00:50","modified_gmt":"2025-12-07T19:00:50","slug":"home","status":"publish","type":"page","link":"https:\/\/buy.daytonproper.com\/es\/","title":{"rendered":"Home"},"content":{"rendered":"<div class=\"wp-block-group has-base-background-color has-background\"><div class=\"wp-block-group__inner-container is-layout-constrained wp-block-group-is-layout-constrained\">\n<h1 class=\"wp-block-heading has-text-align-center has-accent-color has-text-color has-link-color has-large-font-size wp-elements-249708be16f9f7075d95737959ed1839\">SE PROPIETARIO DE UNA CASA EN DAYTON. CONSTRUYA SU FUTURO EN NUESTRA COMUNIDAD.<\/h1>\n\n\n\n<p class=\"has-accent-color has-base-background-color has-text-color has-background has-link-color has-medium-font-size wp-elements-1efae7ab789ea89f69ebd466591cb4b2\">Dayton Proper ayuda a inquilinos, familias y residentes de toda la vida de Dayton a convertirse en propietarios de vivienda. Le ponemos en contacto con viviendas de calidad, socios crediticios locales de confianza y un camino claro hacia la propiedad, sin contratos abusivos de alquiler con opci\u00f3n a compra.<\/p>\n\n\n\n<div class=\"wp-block-buttons alignfull is-content-justification-space-between is-layout-flex wp-container-core-buttons-is-layout-3d213aab wp-block-buttons-is-layout-flex\">\n<div class=\"wp-block-button is-style-fill\"><a class=\"wp-block-button__link has-base-color has-accent-background-color has-text-color has-background has-link-color wp-element-button\" href=\"https:\/\/mortgage.texanabank.com\/loan-officer\/lance-tearnan\/\" target=\"_blank\" rel=\"noreferrer noopener nofollow\">Empieza hoy mismo<\/a><\/div>\n\n\n\n<div class=\"wp-block-button is-style-fill\"><a class=\"wp-block-button__link has-base-color has-accent-background-color has-text-color has-background has-link-color wp-element-button\" href=\"https:\/\/daytonproper.com\/availability\" target=\"_blank\" rel=\"noreferrer noopener\">Ver casas disponibles<\/a><\/div>\n<\/div>\n<\/div><\/div>\n\n\n\n<div class=\"wp-block-group\"><div class=\"wp-block-group__inner-container is-layout-constrained wp-block-group-is-layout-constrained\">\n<h2 class=\"wp-block-heading has-text-align-center\">NUESTRA MISI\u00d3N: AUMENTAR LA PROPIEDAD DE VIVIENDAS. TRANSFORMAR DAYTON.<\/h2>\n\n\n\n<p>La propiedad de una vivienda fortalece a las familias, consolida los vecindarios y genera riqueza generacional.<br>Nos comprometemos a ayudar a m\u00e1s residentes de Dayton a pasar de alquilar a ser propietarios, de forma \u00e9tica, transparente y con un apoyo real.<\/p>\n<\/div><\/div>\n\n\n\n<div class=\"wp-block-group\"><div class=\"wp-block-group__inner-container is-layout-constrained wp-block-group-is-layout-constrained\">\n<h2 class=\"wp-block-heading has-text-align-center\">POR QU\u00c9 DAYTON NECESITA M\u00c1S PROPIETARIOS DE VIVIENDAS<\/h2>\n\n\n\n<p>Cuando m\u00e1s residentes de Dayton son propietarios de sus viviendas, toda la comunidad se beneficia:<\/p>\n\n\n\n<ul class=\"wp-block-list\">\n<li>Mayor estabilidad en el vecindario<\/li>\n\n\n\n<li>Menor rotaci\u00f3n<\/li>\n\n\n\n<li>Mayor participaci\u00f3n de la comunidad<\/li>\n\n\n\n<li>M\u00e1s orgullo en las calles locales<\/li>\n\n\n\n<li>Mejores resultados para las familias y los ni\u00f1os<\/li>\n<\/ul>\n\n\n\n<p>Se trata de la transformaci\u00f3n de la comunidad a trav\u00e9s de la propiedad de la vivienda.<\/p>\n\n\n\n<h2 class=\"wp-block-heading has-text-align-center\"><strong>ALQUILA HOY. COMPRA CUANDO EST\u00c9S LISTO. SIN TRAMPAS.<\/strong><\/h2>\n\n\n\n<p>Lo hacemos. <strong>no<\/strong> ofrecen acuerdos tradicionales de alquiler con opci\u00f3n a compra, arrendamiento con opci\u00f3n a compra o contratos de compraventa de terrenos.<br>Esos modelos tienen un largo historial de comisiones ocultas, condiciones abusivas y pr\u00e1cticas predatorias.<\/p>\n\n\n\n<p><strong>Lo que ofrecemos es diferente. Completamente diferente.<\/strong><\/p>\n\n\n\n<h3 class=\"wp-block-heading\">\u2714 <strong>Contrato de alquiler est\u00e1ndar<\/strong><\/h3>\n\n\n\n<p>Rentas como de costumbre: sin cargos adicionales, sin pagos mensuales inflados, sin trucos.<\/p>\n\n\n\n<h3 class=\"wp-block-heading\">\u2714 <strong>Compre en cualquier momento<\/strong><\/h3>\n\n\n\n<p>Si decides que quieres ser propietario de la vivienda que est\u00e1s alquilando, te ayudaremos a hacerlo realidad.<\/p>\n\n\n\n<h3 class=\"wp-block-heading\">\u2714 <strong>Ayuda para el pago inicial (incluida en la compra)<\/strong><\/h3>\n\n\n\n<p>Como somos los propietarios del inmueble, podemos estructurar la venta de manera que parte o la totalidad de su pago inicial se incluya en los t\u00e9rminos del acuerdo.<br>Esto significa:<\/p>\n\n\n\n<ul class=\"wp-block-list\">\n<li>Sin ahorrar durante a\u00f1os<\/li>\n\n\n\n<li>No se necesita dinero en efectivo para sorpresas<\/li>\n\n\n\n<li>Un camino real hacia la propiedad de la vivienda en la que ya vives.<\/li>\n<\/ul>\n\n\n\n<h3 class=\"wp-block-heading\">\u2714 <strong>Sin \u201ccr\u00e9ditos de renta\u201d ni capital ficticio<\/strong><\/h3>\n\n\n\n<p>Lo hacemos. <strong>no<\/strong> te dicen que \u201cparte de tu renta se destina a la propiedad\u201d.\u201d<br>Esa es la cl\u00e1sica trampa del alquiler con opci\u00f3n a compra.<br>Tu renta es renta. Tu contrato de compraventa es un contrato de compraventa.<br>Claro. Limpio. Transparente.<\/p>\n\n\n\n<h3 class=\"wp-block-heading\">\u2714 <strong>Un camino real hacia la propiedad de vivienda asequible<\/strong><\/h3>\n\n\n\n<p>Ayudamos a los inquilinos a convertirse en propietarios responsables y sostenibles, porque la comunidad necesita propietarios m\u00e1s estables, no m\u00e1s desalojos ni contratos incumplidos.<\/p>\n\n\n<div class='fluentform ff-default fluentform_wrapper_3 ffs_default_wrap'><form data-form_id=\"3\" id=\"fluentform_3\" class=\"frm-fluent-form fluent_form_3 ff-el-form-top ff_form_instance_3_1 ff-form-loading ffs_default\" data-form_instance=\"ff_form_instance_3_1\" method=\"POST\" action=\"\" ><fieldset  style=\"border: none!important;margin: 0!important;padding: 0!important;background-color: transparent!important;box-shadow: none!important;outline: none!important; min-inline-size: 100%;\">\n                    <legend class=\"ff_screen_reader_title\" style=\"display: block; margin: 0!important;padding: 0!important;height: 0!important;text-indent: -999999px;width: 0!important;overflow:hidden;\">Formulario del comprador<\/legend><input type='hidden' name='__fluent_form_embded_post_id' value='4' \/><input type=\"hidden\" id=\"_fluentform_3_fluentformnonce\" name=\"_fluentform_3_fluentformnonce\" value=\"cbcc7e4e82\" \/><input type=\"hidden\" name=\"_wp_http_referer\" value=\"\/es\/wp-json\/wp\/v2\/pages\/4\" \/><div data-type=\"name-element\" data-name=\"names\" class=\"ff-field_container ff-name-field-wrapper\" ><div class='ff-t-container'><div class='ff-t-cell'><div class='ff-el-group ff-el-form-top'><div class=\"ff-el-input--label asterisk-right\"><label for='ff_3_names_first_name_' id='label_ff_3_names_first_name_' >Nombre<\/label><\/div><div class='ff-el-input--content'><input type=\"text\" name=\"names[first_name]\" id=\"ff_3_names_first_name_\" class=\"ff-el-form-control\" placeholder=\"Ingrese su nombre\" aria-invalid=\"false\" aria-required=\"false\"><\/div><\/div><\/div><div class='ff-t-cell'><div class='ff-el-group ff-el-form-top'><div class=\"ff-el-input--label asterisk-right\"><label for='ff_3_names_last_name_' id='label_ff_3_names_last_name_' >Apellido<\/label><\/div><div class='ff-el-input--content'><input type=\"text\" name=\"names[last_name]\" id=\"ff_3_names_last_name_\" class=\"ff-el-form-control\" placeholder=\"Ingrese su apellido\" aria-invalid=\"false\" aria-required=\"false\"><\/div><\/div><\/div><\/div><\/div><div class='ff-el-group'><div class=\"ff-el-input--label ff-el-is-required asterisk-right\"><label for='ff_3_email' id='label_ff_3_email' aria-label=\"Correo electr\u00f3nico\">Correo electr\u00f3nico<\/label><\/div><div class='ff-el-input--content'><input type=\"email\" name=\"email\" id=\"ff_3_email\" class=\"ff-el-form-control\" placeholder=\"Direcci\u00f3n de correo electr\u00f3nico\" data-name=\"email\"  aria-invalid=\"false\" aria-required=\"true\"><\/div><\/div><div class='ff-el-group'><div class=\"ff-el-input--label ff-el-is-required asterisk-right\"><label for='ff_3_input_text' id='label_ff_3_input_text' aria-label=\"N\u00famero de tel\u00e9fono\">N\u00famero de tel\u00e9fono<\/label><\/div><div class='ff-el-input--content'><input type=\"text\" name=\"input_text\" class=\"ff-el-form-control\" placeholder=\"###-###-####\" data-name=\"input_text\" id=\"ff_3_input_text\"  aria-invalid=\"false\" aria-required=\"true\"><\/div><\/div><div class='ff-el-group'><div class=\"ff-el-input--label asterisk-right\"><label for='ff_3_description' id='label_ff_3_description' aria-label=\"Cu\u00e9ntenos qu\u00e9 est\u00e1 buscando:\">Cu\u00e9ntenos qu\u00e9 est\u00e1 buscando:<\/label><\/div><div class='ff-el-input--content'><textarea aria-required=\"false\" aria-labelledby=\"label_ff_3_description\" name=\"description\" id=\"ff_3_description\" class=\"ff-el-form-control\" placeholder=\"Lo que nos ser\u00eda de gran ayuda es que nos indicaras el n\u00famero de rec\u00e1maras y ba\u00f1os que deseas, el vecindario, el tama\u00f1o del jard\u00edn, el presupuesto y cualquier otra informaci\u00f3n que consideres que nos permitir\u00eda ayudarte mejor. \" rows=\"3\" cols=\"2\" data-name=\"description\" ><\/textarea><\/div><\/div><div class='ff-el-group ff-text-left ff_submit_btn_wrapper'><button type=\"submit\" class=\"ff-btn ff-btn-submit ff-btn-md ff_btn_style\"  aria-label=\"Enviar formulario\">Enviar formulario<\/button><\/div><\/fieldset><input type=\"hidden\" name=\"trp-form-language\" value=\"es\"\/><\/form><div id='fluentform_3_errors' class='ff-errors-in-stack ff_form_instance_3_1 ff-form-loading_errors ff_form_instance_3_1_errors'><\/div><\/div>            <script type=\"text\/javascript\">\n                window.fluent_form_ff_form_instance_3_1 = {\"id\":\"3\",\"settings\":{\"layout\":{\"labelPlacement\":\"top\",\"asteriskPlacement\":\"asterisk-right\",\"helpMessagePlacement\":\"with_label\",\"errorMessagePlacement\":\"inline\",\"cssClassName\":\"\"},\"restrictions\":{\"denyEmptySubmission\":{\"enabled\":false}}},\"form_instance\":\"ff_form_instance_3_1\",\"form_id_selector\":\"fluentform_3\",\"rules\":{\"names[first_name]\":{\"required\":{\"value\":false,\"message\":\"This field is required\",\"global_message\":\"This field is required\",\"global\":true}},\"names[middle_name]\":{\"required\":{\"value\":false,\"message\":\"This field is required\",\"global_message\":\"This field is required\",\"global\":true}},\"names[last_name]\":{\"required\":{\"value\":false,\"message\":\"This field is required\",\"global_message\":\"This field is required\",\"global\":true}},\"email\":{\"required\":{\"value\":true,\"message\":\"This field is required\",\"global_message\":\"This field is required\",\"global\":true},\"email\":{\"value\":true,\"message\":\"This field must contain a valid email\",\"global_message\":\"This field must contain a valid email\",\"global\":true}},\"input_text\":{\"required\":{\"value\":true,\"message\":\"This field is required\",\"global_message\":\"This field is required\",\"global\":true}},\"description\":{\"required\":{\"value\":false,\"message\":\"This field is required\",\"global_message\":\"This field is required\",\"global\":true}}},\"debounce_time\":300};\n                            <\/script>\n            \n\n\n\n<h2 class=\"wp-block-heading has-text-align-center\">\u00bfERES UN INQUILINO CON UN BUEN COMPORTAMIENTO? ESTE PROGRAMA ES PARA TI.<\/h2>\n\n\n\n<p>Si te encanta Dayton y quieres echar ra\u00edces, puedes empezar a prepararte hoy mismo para ser due\u00f1o de tu propia casa.<\/p>\n\n\n\n<p>Nuestro equipo se encargar\u00e1 de:<\/p>\n\n\n\n<ul class=\"wp-block-list\">\n<li>Revisa tu perfil crediticio (verificaci\u00f3n informal, <em>sin impacto en la puntuaci\u00f3n<\/em>)<\/li>\n\n\n\n<li>Elabore un plan personalizado para estar listo para obtener una hipoteca.<\/li>\n\n\n\n<li>Le conectamos con los programas de pr\u00e9stamos y los recursos para el pago inicial adecuados.<\/li>\n\n\n\n<li>Ayudarle a pasar del alquiler a la propiedad sin complicaciones.<\/li>\n<\/ul>\n\n\n\n<p>Es sencillo, seguro y est\u00e1 dise\u00f1ado para ayudar a tu familia a alcanzar el \u00e9xito.<\/p>\n\n\n\n<div class=\"wp-block-buttons is-content-justification-center is-layout-flex wp-container-core-buttons-is-layout-16018d1d wp-block-buttons-is-layout-flex\">\n<div class=\"wp-block-button\"><a class=\"wp-block-button__link wp-element-button\" href=\"https:\/\/mortgage.texanabank.com\/loan-officer\/lance-tearnan\/\" target=\"_blank\" rel=\"noreferrer noopener\">Vea d\u00f3nde se encuentra<\/a><\/div>\n\n\n\n<div class=\"wp-block-button\"><a class=\"wp-block-button__link wp-element-button\" href=\"https:\/\/www.daytonproper.com\/availability\" target=\"_blank\" rel=\"noreferrer noopener\">Ver casas disponibles<\/a><\/div>\n<\/div>\n<\/div><\/div>\n\n\n\n<div class=\"wp-block-group\"><div class=\"wp-block-group__inner-container is-layout-constrained wp-block-group-is-layout-constrained\">\n<h2 class=\"wp-block-heading has-text-align-center\">COMIENCE CON UNA VERIFICACI\u00d3N DE PREAPROBACI\u00d3N GRATUITA Y SIN IMPACTO<\/h2>\n\n\n\n<p>Nos hemos asociado con <strong>Lance Tearnan<\/strong> en Texana Bank porque entiende a los residentes de Dayton y nuestra misi\u00f3n.<\/p>\n\n\n\n<p><strong>Solicitar un pr\u00e9stamo con Lance NO afecta su calificaci\u00f3n crediticia.<\/strong><br>Es una \u201cconsulta informal\u201d: obtienes una instant\u00e1nea de tu preparaci\u00f3n financiera sin ning\u00fan riesgo.<\/p>\n\n\n\n<h3 class=\"wp-block-heading\"><strong>\u00bfPor qu\u00e9 empezar aqu\u00ed?<\/strong><\/h3>\n\n\n\n<ul class=\"wp-block-list\">\n<li>Hoy sabr\u00e1s cu\u00e1l es tu situaci\u00f3n.<\/li>\n\n\n\n<li>Sabremos qu\u00e9 hay que mejorar.<\/li>\n\n\n\n<li>Juntos podemos elaborar un plan paso a paso para que puedas tener tu propia casa.<\/li>\n\n\n\n<li>Comprender\u00e1 las opciones de pr\u00e9stamo, los programas de pago inicial y los plazos.<\/li>\n<\/ul>\n\n\n\n<div class=\"wp-block-buttons is-content-justification-center is-layout-flex wp-container-core-buttons-is-layout-16018d1d wp-block-buttons-is-layout-flex\">\n<div class=\"wp-block-button\"><a class=\"wp-block-button__link wp-element-button\" href=\"https:\/\/mortgage.texanabank.com\/loan-officer\/lance-tearnan\/\" target=\"_blank\" rel=\"noreferrer noopener nofollow\">\ud83d\udc49 Comience su verificaci\u00f3n de preaprobaci\u00f3n gratuita<\/a><\/div>\n<\/div>\n<\/div><\/div>\n\n\n\n<div class=\"wp-block-group has-accent-color has-base-background-color has-text-color has-background has-link-color wp-elements-afe57ee7c7c66a504282e18f67216693\"><div class=\"wp-block-group__inner-container is-layout-constrained wp-block-group-is-layout-constrained\">\n<h2 class=\"wp-block-heading has-text-align-center\">Nuestras casas disponibles<\/h2>\n\n\n\n<p class=\"has-text-align-left\">Explore las viviendas en Dayton que est\u00e1n listas para comprar o alquilar hoy mismo con la posibilidad de adquirirla en el futuro.<br><\/p>\n\n\n\n<div class=\"wp-block-buttons is-content-justification-center is-layout-flex wp-container-core-buttons-is-layout-16018d1d wp-block-buttons-is-layout-flex\">\n<div class=\"wp-block-button\"><a class=\"wp-block-button__link has-text-align-center wp-element-button\" href=\"https:\/\/www.daytonproper.com\/availability\" target=\"_blank\" rel=\"noreferrer noopener\">Ver todas las casas<\/a><\/div>\n<\/div>\n<\/div><\/div>\n\n\n\n<div class=\"wp-block-group\"><div class=\"wp-block-group__inner-container is-layout-constrained wp-block-group-is-layout-constrained\">\n<h2 class=\"wp-block-heading has-text-align-center\">Acerca de nosotros<\/h2>\n\n\n\n<p>Proper Management lleva a\u00f1os prestando servicio a las familias de Dayton con viviendas de alquiler asequibles y de alta calidad.<br>Ahora, a trav\u00e9s de Dayton Proper, estamos dando el siguiente paso para servir a nuestros residentes y a nuestra ciudad.<\/p>\n\n\n\n<p><strong>Nos comprometemos a:<\/strong><\/p>\n\n\n\n<ul class=\"wp-block-list\">\n<li>Aumento de la propiedad de viviendas<\/li>\n\n\n\n<li>Estabilizaci\u00f3n de los barrios<\/li>\n\n\n\n<li>Apoyo a las familias<\/li>\n\n\n\n<li>Creaci\u00f3n de riqueza generacional en Dayton<\/li>\n<\/ul>\n\n\n\n<h3 class=\"wp-block-heading\"><strong>Nuestros valores<\/strong><\/h3>\n\n\n\n<p>Fe. Familia. Diversi\u00f3n.<br>Estos principios gu\u00edan todo lo que hacemos, desde c\u00f3mo tratamos a nuestros inquilinos hasta c\u00f3mo servimos a nuestra comunidad.<\/p>\n\n\n\n<div class=\"wp-block-group\"><div class=\"wp-block-group__inner-container is-layout-constrained wp-block-group-is-layout-constrained\">\n<h2 class=\"wp-block-heading has-text-align-center\" style=\"font-size:32px\">\u00bfListo para convertirse en propietario de una vivienda en Dayton?<\/h2>\n\n\n\n<blockquote class=\"wp-block-quote is-style-plain is-layout-flow wp-block-quote-is-layout-flow\">\n<p class=\"has-medium-font-size\">Tanto si ya es inquilino como si es nuevo en la zona, estamos aqu\u00ed para ayudarle a tomar el control de su futuro con un camino claro y honesto hacia la propiedad de una vivienda.<\/p>\n<\/blockquote>\n\n\n\n<script type='text\/javascript' charset='utf-8'>\n  document.write(unescape(\"%3Cscript src='\" + (('https:' == document.location.protocol) ? 'https:' : 'http:') + \"\/\/propermgmt.appfolio.com\/javascripts\/listing.js' type='text\/javascript'%3E%3C\/script%3E\"));\n<\/script>\n\n<script type='text\/javascript' charset='utf-8'>\n  Appfolio.Listing({\n    hostUrl: 'propermgmt.appfolio.com',\n    \/\/propertyGroup: 'My Group Name',\n    themeColor: '#676767',\n    height: '500px',\n    width: '100%',\n    defaultOrder: 'date_posted'\n  });\n<\/script>\n<\/div><\/div>\n<\/div><\/div>\n\n\n\n<div class=\"wp-block-group\"><div class=\"wp-block-group__inner-container is-layout-constrained wp-block-group-is-layout-constrained\">\n<h2 class=\"wp-block-heading has-text-align-center\">\ud83d\udc9b Qu\u00e9 est\u00e1 pasando en Dayton<\/h2>\n\n\n\n<p class=\"has-text-align-center\">Historias locales seleccionadas para ayudar a los futuros propietarios a ver lo mejor de nuestra ciudad.<\/p>\n\n\n<div class=\"wpra-display align\" data-display-id=\"1\" hx-target=\"this\" hx-swap=\"outerHTML\">    <div class=\"wp-rss-aggregator wpra-list-template\">\n        <ul class=\"rss-aggregator wpra-item-list wpra-item-list--bullets wpra-item-list--default\" start=\"1\">\n                <li class=\"wpra-item feed-item\">\n        <a href=\"https:\/\/daytonreport.com\/2419-thornton-sells-above-list-price\/\" class=\"\" target=\"_blank\" rel=\"noopener noreferrer nofollow\" style=\"\">2419 Thornton Drive Sells Above List Price, Reinforcing West Dayton\u2019s Desirability<\/a>\n\n        <div class=\"wprss-feed-meta\">\n                <span class=\"feed-source\">\n        Fuente:  <a href=\"https:\/\/daytonreport.com\/feed\/\" class=\"\" target=\"_blank\" rel=\"noopener noreferrer nofollow\" style=\"\">Informe Dayton<\/a>\n    <\/span>\n                <span class=\"feed-date\">\n        Date:  2026-01-10\n    <\/span>\n            <span class=\"feed-author\">Por Dayton Report<\/span>\n        <\/div>\n\n        \n    <\/li>    <li class=\"wpra-item feed-item\">\n        <a href=\"https:\/\/daytonreport.com\/statues-in-dayton\/\" class=\"\" target=\"_blank\" rel=\"noopener noreferrer nofollow\" style=\"\">Estatuas en Dayton que vale la pena visitar<\/a>\n\n        <div class=\"wprss-feed-meta\">\n                <span class=\"feed-source\">\n        Fuente:  <a href=\"https:\/\/daytonreport.com\/feed\/\" class=\"\" target=\"_blank\" rel=\"noopener noreferrer nofollow\" style=\"\">Informe Dayton<\/a>\n    <\/span>\n                <span class=\"feed-date\">\n        Fecha: 30 de diciembre de 2025\n    <\/span>\n            <span class=\"feed-author\">Por Dayton Report<\/span>\n        <\/div>\n\n        \n    <\/li>    <li class=\"wpra-item feed-item\">\n        <a href=\"https:\/\/daytonreport.com\/2030-burroughs-continues-momentum-in-west-dayton\/\" class=\"\" target=\"_blank\" rel=\"noopener noreferrer nofollow\" style=\"\">2030 Burroughs Drive Sale Signals Continued Momentum in West Dayton<\/a>\n\n        <div class=\"wprss-feed-meta\">\n                <span class=\"feed-source\">\n        Fuente:  <a href=\"https:\/\/daytonreport.com\/feed\/\" class=\"\" target=\"_blank\" rel=\"noopener noreferrer nofollow\" style=\"\">Informe Dayton<\/a>\n    <\/span>\n                <span class=\"feed-date\">\n        Date:  2025-12-19\n    <\/span>\n            <span class=\"feed-author\">Por Dayton Report<\/span>\n        <\/div>\n\n        \n    <\/li>\n        <\/ul>\n    <\/div>     <div class=\"nav-links wpra-nav-links numbered\">\n        \n        \n            <span class=\"alignleft wpra-feed-current-page\">\n        1\n    <\/span>    <div class=\"nav-next alignleft wpra-feed-page\">\n            <a data-wpra-page=\"2\" hx-post=\"https:\/\/buy.daytonproper.com\/wp-admin\/admin-ajax.php\" hx-vals=\"{&quot;action&quot;:&quot;wpra.render.display&quot;,&quot;data&quot;:{&quot;id&quot;:1,&quot;page&quot;:2,&quot;sources&quot;:&quot;1&quot;,&quot;limit&quot;:3,&quot;pagination&quot;:&quot;on&quot;,&quot;_wpnonce&quot;:&quot;5bc196d6c9&quot;}}\">\n        2\n    <\/a>\n    <\/div>    <div class=\"nav-next alignleft wpra-feed-page\">\n            <a data-wpra-page=\"3\" hx-post=\"https:\/\/buy.daytonproper.com\/wp-admin\/admin-ajax.php\" hx-vals=\"{&quot;action&quot;:&quot;wpra.render.display&quot;,&quot;data&quot;:{&quot;id&quot;:1,&quot;page&quot;:3,&quot;sources&quot;:&quot;1&quot;,&quot;limit&quot;:3,&quot;pagination&quot;:&quot;on&quot;,&quot;_wpnonce&quot;:&quot;5bc196d6c9&quot;}}\">\n        3\n    <\/a>\n    <\/div>\n        <span class=\"alignleft wpra-feed-more-pages\">\u2026<\/span>\n            <div class=\"nav-next alignleft wpra-feed-next-pages\">\n            <a data-wpra-page=\"2\" hx-post=\"https:\/\/buy.daytonproper.com\/wp-admin\/admin-ajax.php\" hx-vals=\"{&quot;action&quot;:&quot;wpra.render.display&quot;,&quot;data&quot;:{&quot;id&quot;:1,&quot;page&quot;:2,&quot;sources&quot;:&quot;1&quot;,&quot;limit&quot;:3,&quot;pagination&quot;:&quot;on&quot;,&quot;_wpnonce&quot;:&quot;5bc196d6c9&quot;}}\">\n        Next\n    <\/a>\n    <\/div>\n    <\/div><\/div>\n<\/div><\/div>\n\n\n\n<p><\/p>","protected":false},"excerpt":{"rendered":"<p>OWN A HOME IN DAYTON. BUILD A FUTURE IN OUR COMMUNITY. Dayton Proper helps renters, families, and lifelong Dayton residents become homeowners. We connect you with quality homes, trusted local lending partners, and a clear path to ownership\u2014without predatory rent-to-own contracts. OUR MISSION: INCREASE HOMEOWNERSHIP. TRANSFORM DAYTON. Homeownership strengthens families, anchors neighborhoods, and builds generational &#8230; <a title=\"Home\" class=\"read-more\" href=\"https:\/\/buy.daytonproper.com\/es\/\" aria-label=\"Leer m\u00e1s sobre Home\">Leer m\u00e1s<\/a><\/p>","protected":false},"author":1,"featured_media":0,"parent":0,"menu_order":0,"comment_status":"closed","ping_status":"closed","template":"","meta":{"footnotes":""},"class_list":["post-4","page","type-page","status-publish"],"_hostinger_reach_plugin_has_subscription_block":false,"_hostinger_reach_plugin_is_elementor":false,"_links":{"self":[{"href":"https:\/\/buy.daytonproper.com\/es\/wp-json\/wp\/v2\/pages\/4","targetHints":{"allow":["GET"]}}],"collection":[{"href":"https:\/\/buy.daytonproper.com\/es\/wp-json\/wp\/v2\/pages"}],"about":[{"href":"https:\/\/buy.daytonproper.com\/es\/wp-json\/wp\/v2\/types\/page"}],"author":[{"embeddable":true,"href":"https:\/\/buy.daytonproper.com\/es\/wp-json\/wp\/v2\/users\/1"}],"replies":[{"embeddable":true,"href":"https:\/\/buy.daytonproper.com\/es\/wp-json\/wp\/v2\/comments?post=4"}],"version-history":[{"count":0,"href":"https:\/\/buy.daytonproper.com\/es\/wp-json\/wp\/v2\/pages\/4\/revisions"}],"wp:attachment":[{"href":"https:\/\/buy.daytonproper.com\/es\/wp-json\/wp\/v2\/media?parent=4"}],"curies":[{"name":"wp","href":"https:\/\/api.w.org\/{rel}","templated":true}]}}