{"id":633,"date":"2025-12-09T04:20:46","date_gmt":"2025-12-09T04:20:46","guid":{"rendered":"https:\/\/buy.daytonproper.com\/?page_id=633"},"modified":"2025-12-09T12:42:05","modified_gmt":"2025-12-09T12:42:05","slug":"sell-a-home-in-dayton","status":"publish","type":"page","link":"https:\/\/buy.daytonproper.com\/es\/sell-a-home-in-dayton\/","title":{"rendered":"Vender una casa en Dayton"},"content":{"rendered":"<p>Vender su casa en Dayton no deber\u00eda ser estresante, arriesgado ni confuso. Tanto si su propiedad est\u00e1 totalmente renovada, necesita reparaciones importantes o simplemente desea una venta lo m\u00e1s r\u00e1pida y limpia posible, nuestro equipo de Dayton Proper le ofrece algo que la mayor\u00eda de las empresas no pueden ofrecerle: <strong>una opci\u00f3n real.<\/strong><\/p>\n\n\n\n<p>Como <a href=\"http:\/\/ohiohousefinders.com\" target=\"_blank\" rel=\"noreferrer noopener\">agentes inmobiliarios con licencia<\/a> <em>y<\/em> Como inversionistas inmobiliarios activos con m\u00e1s de 600 viviendas bajo gesti\u00f3n, ayudamos a los propietarios de Dayton a vender de la forma que m\u00e1s les beneficia, ya sea mediante una <strong>listado MLS de alto precio<\/strong> o un <strong>oferta de dinero r\u00e1pido<\/strong>. Nunca te presionaremos para que elijas una opci\u00f3n u otra. En cambio, te guiaremos por ambos caminos, te explicaremos claramente las ventajas y te orientaremos hacia la decisi\u00f3n que mejor se adapte a tus objetivos, tu calendario y el verdadero potencial de tu vivienda.<\/p>\n\n\n\n<p>Cuando trabajas con nosotros, obtienes <strong>transparencia, representaci\u00f3n profesional, experiencia en el mercado local y un deber fiduciario que los mayoristas simplemente no pueden ofrecer.<\/strong> Nunca participamos en las t\u00e1cticas abusivas que se han vuelto comunes en el mundo de los compradores en efectivo: no enviamos mensajes de texto no solicitados, no presionamos, no utilizamos t\u00e1cticas intimidatorias para cerrar r\u00e1pidamente la venta y no hacemos ofertas enga\u00f1osas a la baja dise\u00f1adas para aprovecharse de los propietarios.<\/p>\n\n\n\n<p>Usted se merece honestidad, opciones y un equipo que anteponga sus intereses. No le perseguimos ni le molestamos. <strong>Cont\u00e1ctenos cuando est\u00e9 listo y nos adaptaremos a sus condiciones.<\/strong><\/p>\n\n\n\n<hr class=\"wp-block-separator has-alpha-channel-opacity\"\/>\n\n\n<div class='fluentform ff-default fluentform_wrapper_4 ffs_default_wrap'><form data-form_id=\"4\" id=\"fluentform_4\" class=\"frm-fluent-form fluent_form_4 ff-el-form-top ff_form_instance_4_1 ff-form-loading ffs_default\" data-form_instance=\"ff_form_instance_4_1\" method=\"POST\" action=\"\" ><fieldset  style=\"border: none!important;margin: 0!important;padding: 0!important;background-color: transparent!important;box-shadow: none!important;outline: none!important; min-inline-size: 100%;\">\n                    <legend class=\"ff_screen_reader_title\" style=\"display: block; margin: 0!important;padding: 0!important;height: 0!important;text-indent: -999999px;width: 0!important;overflow:hidden;\">Formulario del vendedor<\/legend><input type='hidden' name='__fluent_form_embded_post_id' value='633' \/><input type=\"hidden\" id=\"_fluentform_4_fluentformnonce\" name=\"_fluentform_4_fluentformnonce\" value=\"93c2690d0f\" \/><input type=\"hidden\" name=\"_wp_http_referer\" value=\"\/es\/wp-json\/wp\/v2\/pages\/633\" \/><div data-type=\"name-element\" data-name=\"names\" class=\"ff-field_container ff-name-field-wrapper\" ><div class='ff-t-container'><div class='ff-t-cell'><div class='ff-el-group ff-el-form-top'><div class=\"ff-el-input--label asterisk-right\"><label for='ff_4_names_first_name_' id='label_ff_4_names_first_name_' >Nombre<\/label><\/div><div class='ff-el-input--content'><input type=\"text\" name=\"names[first_name]\" id=\"ff_4_names_first_name_\" class=\"ff-el-form-control\" placeholder=\"Ingrese su nombre\" aria-invalid=\"false\" aria-required=\"false\"><\/div><\/div><\/div><div class='ff-t-cell'><div class='ff-el-group ff-el-form-top'><div class=\"ff-el-input--label asterisk-right\"><label for='ff_4_names_last_name_' id='label_ff_4_names_last_name_' >Apellido<\/label><\/div><div class='ff-el-input--content'><input type=\"text\" name=\"names[last_name]\" id=\"ff_4_names_last_name_\" class=\"ff-el-form-control\" placeholder=\"Ingrese su apellido\" aria-invalid=\"false\" aria-required=\"false\"><\/div><\/div><\/div><\/div><\/div><div class='ff-el-group'><div class=\"ff-el-input--label ff-el-is-required asterisk-right\"><label for='ff_4_email' id='label_ff_4_email' aria-label=\"Correo electr\u00f3nico\">Correo electr\u00f3nico<\/label><\/div><div class='ff-el-input--content'><input type=\"email\" name=\"email\" id=\"ff_4_email\" class=\"ff-el-form-control\" placeholder=\"Direcci\u00f3n de correo electr\u00f3nico\" data-name=\"email\"  aria-invalid=\"false\" aria-required=\"true\"><\/div><\/div><div class='ff-el-group'><div class=\"ff-el-input--label ff-el-is-required asterisk-right\"><label for='ff_4_input_text' id='label_ff_4_input_text' aria-label=\"N\u00famero de tel\u00e9fono\">N\u00famero de tel\u00e9fono<\/label><\/div><div class='ff-el-input--content'><input type=\"text\" name=\"input_text\" class=\"ff-el-form-control\" placeholder=\"###-###-####\" data-name=\"input_text\" id=\"ff_4_input_text\"  aria-invalid=\"false\" aria-required=\"true\"><\/div><\/div><div class='ff-el-group'><div class=\"ff-el-input--label asterisk-right\"><label for='ff_4_description' id='label_ff_4_description' aria-label=\"Cu\u00e9ntanos qu\u00e9 vendes:\">Cu\u00e9ntanos qu\u00e9 vendes:<\/label><\/div><div class='ff-el-input--content'><textarea aria-required=\"false\" aria-labelledby=\"label_ff_4_description\" name=\"description\" id=\"ff_4_description\" class=\"ff-el-form-control\" placeholder=\"Lo que nos ser\u00eda \u00fatil es la direcci\u00f3n de su propiedad y cualquier otra informaci\u00f3n que considere relevante para nosotros.\" rows=\"3\" cols=\"2\" data-name=\"description\" ><\/textarea><\/div><\/div><div class='ff-el-group ff-text-left ff_submit_btn_wrapper'><button type=\"submit\" class=\"ff-btn ff-btn-submit ff-btn-md ff_btn_style\"  aria-label=\"Enviar formulario\">Enviar formulario<\/button><\/div><\/fieldset><input type=\"hidden\" name=\"trp-form-language\" value=\"es\"\/><\/form><div id='fluentform_4_errors' class='ff-errors-in-stack ff_form_instance_4_1 ff-form-loading_errors ff_form_instance_4_1_errors'><\/div><\/div>            <script type=\"text\/javascript\">\n                window.fluent_form_ff_form_instance_4_1 = {\"id\":\"4\",\"ajaxUrl\":\"https:\\\/\\\/buy.daytonproper.com\\\/wp-admin\\\/admin-ajax.php\",\"settings\":{\"layout\":{\"labelPlacement\":\"top\",\"asteriskPlacement\":\"asterisk-right\",\"helpMessagePlacement\":\"with_label\",\"errorMessagePlacement\":\"inline\",\"cssClassName\":\"\"},\"restrictions\":{\"denyEmptySubmission\":{\"enabled\":false}}},\"form_instance\":\"ff_form_instance_4_1\",\"form_id_selector\":\"fluentform_4\",\"rules\":{\"names[first_name]\":{\"required\":{\"value\":false,\"message\":\"This field is required\",\"global_message\":\"This field is required\",\"global\":true}},\"names[middle_name]\":{\"required\":{\"value\":false,\"message\":\"This field is required\",\"global_message\":\"This field is required\",\"global\":true}},\"names[last_name]\":{\"required\":{\"value\":false,\"message\":\"This field is required\",\"global_message\":\"This field is required\",\"global\":true}},\"email\":{\"required\":{\"value\":true,\"message\":\"This field is required\",\"global_message\":\"This field is required\",\"global\":true},\"email\":{\"value\":true,\"message\":\"This field must contain a valid email\",\"global_message\":\"This field must contain a valid email\",\"global\":true}},\"input_text\":{\"required\":{\"value\":true,\"message\":\"This field is required\",\"global_message\":\"This field is required\",\"global\":true}},\"description\":{\"required\":{\"value\":false,\"message\":\"This field is required\",\"global_message\":\"This field is required\",\"global\":true}}},\"debounce_time\":300};\n                            <\/script>\n            \n\n\n\n<h2 class=\"wp-block-heading\"><strong>\u00bfPor qu\u00e9 vender su casa con Dayton Proper?<\/strong><\/h2>\n\n\n\n<h3 class=\"wp-block-heading\"><strong>En qu\u00e9 nos diferenciamos de los mayoristas<\/strong><\/h3>\n\n\n\n<p>El <a href=\"\/es\/neighborhoods\/\" target=\"_blank\" rel=\"noreferrer noopener\">\u00c1rea de Dayton<\/a> Se ha visto inundado de mayoristas y compradores al contado que env\u00edan mensajes de texto no solicitados, realizan llamadas en fr\u00edo y presionan a los propietarios para que firmen contratos r\u00e1pidos por debajo del valor de mercado. No tienen licencia, no le representan y tienen <strong>sin responsabilidad fiduciaria<\/strong> para proteger sus intereses.<\/p>\n\n\n\n<p>Nosotros somos exactamente lo contrario.<\/p>\n\n\n\n<p>Como agentes inmobiliarios con licencia \u2014y pronto corredores con licencia\u2014, nuestro deber legal y \u00e9tico es <strong>t\u00fa<\/strong>, no a un inversionista ni a un tercero comprador. Debemos proporcionar informaci\u00f3n precisa sobre el mercado, total transparencia y orientaci\u00f3n honesta sobre todas las opciones disponibles para usted. No perseguimos, no presionamos ni emboscamos a los propietarios con ofertas a la baja.<\/p>\n\n\n\n<p>Te comunicas cuando est\u00e9s listo.<br>Y cuando lo hagas, te daremos <strong>n\u00fameros reales<\/strong>, representaci\u00f3n real y opciones reales.<\/p>\n\n\n\n<hr class=\"wp-block-separator has-alpha-channel-opacity\"\/>\n\n\n\n<h3 class=\"wp-block-heading\"><strong>\u00bfYa ha recibido una oferta en efectivo? Compru\u00e9belo con los profesionales.<\/strong><\/h3>\n\n\n\n<p>Si alguien ya le ha ofrecido dinero en efectivo por su casa, lo revisaremos con usted. <strong>sin costo alguno y sin compromiso alguno<\/strong>. Tienes derecho a saberlo:<\/p>\n\n\n\n<ul class=\"wp-block-list\">\n<li>Si la oferta es justa<\/li>\n\n\n\n<li>Si el comprador est\u00e1 calificado<\/li>\n\n\n\n<li>Si tienen la intenci\u00f3n de ceder su contrato<\/li>\n\n\n\n<li>Si poner tu casa en venta te reportar\u00eda m\u00e1s dinero.<\/li>\n\n\n\n<li>Ya sea una oferta directa en efectivo tal cual de <em>nosotros<\/em> ser\u00eda m\u00e1s fuerte<\/li>\n<\/ul>\n\n\n\n<p>Los mayoristas cuentan con que los propietarios no conozcan el valor real de sus inmuebles.<br><strong>Nos aseguramos de que nunca se aprovechen de usted.<\/strong><\/p>\n\n\n\n<p>Antes de firmar cualquier documento, solicite a un profesional autorizado que compare sus opciones y le explique los ingresos netos reales de cada una de ellas.<\/p>\n\n\n\n<p>Tu casa es uno de tus mayores activos: mereces contar con alguien que conozca el mercado de Dayton y que est\u00e9 legalmente obligado a protegerte.<\/p>\n\n\n\n<h3 class=\"wp-block-heading\"><strong>1. Somos profesionales inmobiliarios con licencia, NO mayoristas.<\/strong><\/h3>\n\n\n\n<p>La mayor\u00eda de las empresas que anuncian \u201cdinero por casas\u201d son mayoristas que no te representan, no tienen ninguna obligaci\u00f3n fiduciaria contigo y pueden transferir tu contrato a un tercero sin tu conocimiento.<\/p>\n\n\n\n<p>Nosotros somos todo lo contrario.<\/p>\n\n\n\n<p>Dayton Proper es un equipo inmobiliario con licencia completa. Eso significa que:<\/p>\n\n\n\n<ul class=\"wp-block-list\">\n<li>Tenemos la obligaci\u00f3n legal de actuar en su mejor inter\u00e9s.<\/li>\n\n\n\n<li>Debemos revelar el valor real de mercado.<\/li>\n\n\n\n<li>No podemos enga\u00f1arte.<\/li>\n\n\n\n<li>Le guiamos con honestidad a trav\u00e9s de todas las opciones.<\/li>\n\n\n\n<li>Usted estar\u00e1 protegido durante todo el proceso.<\/li>\n<\/ul>\n\n\n\n<p>Cuando nos eliges, est\u00e1s eligiendo una representaci\u00f3n real, no a alguien que busca un contrato a la baja.<\/p>\n\n\n\n<hr class=\"wp-block-separator has-alpha-channel-opacity\"\/>\n\n\n\n<h3 class=\"wp-block-heading\"><strong>2. Usted puede elegir: el precio m\u00e1s alto en el MLS o la venta en efectivo m\u00e1s r\u00e1pida.<\/strong><\/h3>\n\n\n\n<p>Cada propiedad, y cada vendedor, tiene un resultado ideal diferente.<br>Por eso ofrecemos ambas cosas:<\/p>\n\n\n\n<h4 class=\"wp-block-heading\"><strong>Opci\u00f3n A: publicar en el MLS para obtener la m\u00e1xima exposici\u00f3n y el mejor valor de mercado.<\/strong><\/h4>\n\n\n\n<p>Si su casa est\u00e1 en buenas condiciones o desea obtener el mayor precio de venta posible, podemos incluirla en el MLS y comercializarla de manera profesional.<\/p>\n\n\n\n<p>Lo que obtienes:<\/p>\n\n\n\n<ul class=\"wp-block-list\">\n<li>Listado profesional, fotos y orientaci\u00f3n para la puesta en escena.<\/li>\n\n\n\n<li>Acceso a miles de compradores activos<\/li>\n\n\n\n<li>Un agente inmobiliario con licencia que negocia en su nombre.<\/li>\n\n\n\n<li>Comparativas de mercado transparentes y estrategia de precios<\/li>\n\n\n\n<li>Una oportunidad para conseguir m\u00faltiples ofertas<\/li>\n<\/ul>\n\n\n\n<p>Esta v\u00eda es la mejor cuando la m\u00e1xima prioridad es maximizar el valor.<\/p>\n\n\n\n<h4 class=\"wp-block-heading\"><strong>Opci\u00f3n B: vender tal cual por dinero en efectivo, r\u00e1pidamente<\/strong><\/h4>\n\n\n\n<p>Si desea una venta m\u00e1s sencilla o r\u00e1pida, podemos comprar su casa directamente, sin reparaciones, sin inspecciones, sin visitas y sin demoras.<\/p>\n\n\n\n<p>Los beneficios incluyen:<\/p>\n\n\n\n<ul class=\"wp-block-list\">\n<li>Sin reparaciones ni limpieza.<\/li>\n\n\n\n<li>Sin agentes entrando y saliendo de tu casa<\/li>\n\n\n\n<li>Sin esperas por la financiaci\u00f3n del comprador.<\/li>\n\n\n\n<li>Usted elige la fecha de cierre.<\/li>\n\n\n\n<li>Venta garantizada y sin complicaciones.<\/li>\n<\/ul>\n\n\n\n<p>Esta opci\u00f3n es ideal para casas heredadas, propiedades de alquiler, situaciones dif\u00edciles o cualquier persona que prefiera rapidez y comodidad a precios elevados.<\/p>\n\n\n\n<hr class=\"wp-block-separator has-alpha-channel-opacity\"\/>\n\n\n\n<h3 class=\"wp-block-heading\"><strong>3. Le damos ambos n\u00fameros, por adelantado y con total honestidad.<\/strong><\/h3>\n\n\n\n<p>La mayor\u00eda de los vendedores nunca obtienen una comparaci\u00f3n real entre la cotizaci\u00f3n y la oferta en efectivo.<\/p>\n\n\n\n<p>Cambiamos eso.<\/p>\n\n\n\n<p>Te lo mostraremos:<\/p>\n\n\n\n<ul class=\"wp-block-list\">\n<li>El precio por el que probablemente se vender\u00eda tu casa en el MLS.<\/li>\n\n\n\n<li>El precio exacto en efectivo por el que podemos comprarlo hoy.<\/li>\n\n\n\n<li>El calendario para cada uno<\/li>\n\n\n\n<li>La cantidad neta que obtendr\u00e1s en cada caso<\/li>\n<\/ul>\n\n\n\n<p>Despu\u00e9s de eso, <strong>T\u00fa decides, sin presiones.<\/strong>.<br>Simplemente te ayudamos a tomar la decisi\u00f3n m\u00e1s inteligente y mejor informada.<\/p>\n\n\n\n<hr class=\"wp-block-separator has-alpha-channel-opacity\"\/>\n\n\n\n<h3 class=\"wp-block-heading\"><strong>4. Conocemos Dayton mejor que nadie.<\/strong><\/h3>\n\n\n\n<p>Con m\u00e1s de 600 viviendas compradas, renovadas y administradas en los condados de Montgomery, Greene, Clark y Miami, entendemos que:<\/p>\n\n\n\n<ul class=\"wp-block-list\">\n<li>Tendencias locales en materia de precios<\/li>\n\n\n\n<li>Demanda de compradores espec\u00edfica por barrio<\/li>\n\n\n\n<li>Costos de renovaci\u00f3n<\/li>\n\n\n\n<li>Expectativas de los inversionistas<\/li>\n\n\n\n<li>\u00bfQu\u00e9 impulsa el aumento de los valores de tasaci\u00f3n?<\/li>\n<\/ul>\n\n\n\n<p>Esta experiencia local nos permite recomendar la estrategia adecuada para su propiedad en concreto, y no solo consejos gen\u00e9ricos.<\/p>\n\n\n\n<hr class=\"wp-block-separator has-alpha-channel-opacity\"\/>\n\n\n\n<h3 class=\"wp-block-heading\"><strong>5. Est\u00e1s protegido en todo momento<\/strong><\/h3>\n\n\n\n<p>Cuando trabajas con un equipo con licencia:<\/p>\n\n\n\n<ul class=\"wp-block-list\">\n<li>Su contrato cumple con la legislaci\u00f3n vigente.<\/li>\n\n\n\n<li>Sus divulgaciones se manejan adecuadamente.<\/li>\n\n\n\n<li>Sus negociaciones se gestionan de manera profesional.<\/li>\n\n\n\n<li>Tus intereses est\u00e1n protegidos<\/li>\n\n\n\n<li>Tu venta no puede ser reasignada a otra persona.<\/li>\n<\/ul>\n\n\n\n<p>Esta es la mayor diferencia entre trabajar con agentes inmobiliarios y mayoristas.<br>La protecci\u00f3n es importante, especialmente cuando se vende su mayor activo.<\/p>\n\n\n\n<hr class=\"wp-block-separator has-alpha-channel-opacity\"\/>\n\n\n\n<h2 class=\"wp-block-heading\"><strong>\u00bfQu\u00e9 opci\u00f3n es la adecuada para usted?<\/strong><\/h2>\n\n\n\n<p>Es posible que prefieras una venta r\u00e1pida y sencilla tal cual si:<\/p>\n\n\n\n<ul class=\"wp-block-list\">\n<li>Has heredado una casa.<\/li>\n\n\n\n<li>Est\u00e1s cansado de administrar un alquiler.<\/li>\n\n\n\n<li>La propiedad necesita reparaciones.<\/li>\n\n\n\n<li>Quieres un cierre garantizado.<\/li>\n\n\n\n<li>Te est\u00e1s mudando o reduciendo tu espacio r\u00e1pidamente.<\/li>\n<\/ul>\n\n\n\n<p>Es posible que prefieras un listado MLS si:<\/p>\n\n\n\n<ul class=\"wp-block-list\">\n<li>Tu casa est\u00e1 en buenas condiciones.<\/li>\n\n\n\n<li>Quieres el precio m\u00e1s alto posible.<\/li>\n\n\n\n<li>No tienes prisa.<\/li>\n\n\n\n<li>Quieres maximizar la competencia entre los compradores.<\/li>\n\n\n\n<li>Est\u00e1s dispuesto a mostrar e inspeccionar la propiedad.<\/li>\n<\/ul>\n\n\n\n<p>De cualquier manera...<strong>Podemos ayudarte a hacerlo de la manera correcta.<\/strong><\/p>\n\n\n\n<hr class=\"wp-block-separator has-alpha-channel-opacity\"\/>\n\n\n\n<h2 class=\"wp-block-heading\"><strong>\u00bfListo para vender una casa en Dayton? Hablemos.<\/strong><\/h2>\n\n\n\n<p>Tanto si est\u00e1s explorando tus opciones como si est\u00e1s listo para mudarte ahora mismo, nuestro equipo est\u00e1 aqu\u00ed para ayudarte.<br>Cu\u00e9ntenos un poco sobre su propiedad y le enviaremos:<\/p>\n\n\n\n<ul class=\"wp-block-list\">\n<li>Una estimaci\u00f3n gratuita del valor de su vivienda<\/li>\n\n\n\n<li>Una oferta en efectivo sin compromiso (si lo desea).<\/li>\n\n\n\n<li>Un desglose comparativo de tus opciones de venta<\/li>\n\n\n\n<li>Pasos para conseguir el mejor precio posible<\/li>\n<\/ul>\n\n\n\n<p>T\u00fa eliges el mejor camino.<br>Nosotros nos encargamos de todo lo dem\u00e1s.<\/p>\n\n\n<div class='fluentform ff-default fluentform_wrapper_4 ffs_default_wrap'><form data-form_id=\"4\" id=\"fluentform_4\" class=\"frm-fluent-form fluent_form_4 ff-el-form-top ff_form_instance_4_2 ff-form-loading ffs_default\" data-form_instance=\"ff_form_instance_4_2\" method=\"POST\" action=\"\" ><fieldset  style=\"border: none!important;margin: 0!important;padding: 0!important;background-color: transparent!important;box-shadow: none!important;outline: none!important; min-inline-size: 100%;\">\n                    <legend class=\"ff_screen_reader_title\" style=\"display: block; margin: 0!important;padding: 0!important;height: 0!important;text-indent: -999999px;width: 0!important;overflow:hidden;\">Formulario del vendedor<\/legend><input type='hidden' name='__fluent_form_embded_post_id' value='633' \/><input type=\"hidden\" id=\"_fluentform_4_fluentformnonce\" name=\"_fluentform_4_fluentformnonce\" value=\"93c2690d0f\" \/><input type=\"hidden\" name=\"_wp_http_referer\" value=\"\/es\/wp-json\/wp\/v2\/pages\/633\" \/><div data-type=\"name-element\" data-name=\"names\" class=\"ff-field_container ff-name-field-wrapper\" ><div class='ff-t-container'><div class='ff-t-cell'><div class='ff-el-group ff-el-form-top'><div class=\"ff-el-input--label asterisk-right\"><label for='ff_4_2_names_first_name_' id='label_ff_4_2_names_first_name_' >Nombre<\/label><\/div><div class='ff-el-input--content'><input type=\"text\" name=\"names[first_name]\" id=\"ff_4_2_names_first_name_\" class=\"ff-el-form-control\" placeholder=\"Ingrese su nombre\" aria-invalid=\"false\" aria-required=\"false\"><\/div><\/div><\/div><div class='ff-t-cell'><div class='ff-el-group ff-el-form-top'><div class=\"ff-el-input--label asterisk-right\"><label for='ff_4_2_names_last_name_' id='label_ff_4_2_names_last_name_' >Apellido<\/label><\/div><div class='ff-el-input--content'><input type=\"text\" name=\"names[last_name]\" id=\"ff_4_2_names_last_name_\" class=\"ff-el-form-control\" placeholder=\"Ingrese su apellido\" aria-invalid=\"false\" aria-required=\"false\"><\/div><\/div><\/div><\/div><\/div><div class='ff-el-group'><div class=\"ff-el-input--label ff-el-is-required asterisk-right\"><label for='ff_4_2_email' id='label_ff_4_2_email' aria-label=\"Correo electr\u00f3nico\">Correo electr\u00f3nico<\/label><\/div><div class='ff-el-input--content'><input type=\"email\" name=\"email\" id=\"ff_4_2_email\" class=\"ff-el-form-control\" placeholder=\"Direcci\u00f3n de correo electr\u00f3nico\" data-name=\"email\"  aria-invalid=\"false\" aria-required=\"true\"><\/div><\/div><div class='ff-el-group'><div class=\"ff-el-input--label ff-el-is-required asterisk-right\"><label for='ff_4_2_input_text' id='label_ff_4_2_input_text' aria-label=\"N\u00famero de tel\u00e9fono\">N\u00famero de tel\u00e9fono<\/label><\/div><div class='ff-el-input--content'><input type=\"text\" name=\"input_text\" class=\"ff-el-form-control\" placeholder=\"###-###-####\" data-name=\"input_text\" id=\"ff_4_2_input_text\"  aria-invalid=\"false\" aria-required=\"true\"><\/div><\/div><div class='ff-el-group'><div class=\"ff-el-input--label asterisk-right\"><label for='ff_4_2_description' id='label_ff_4_2_description' aria-label=\"Cu\u00e9ntanos qu\u00e9 vendes:\">Cu\u00e9ntanos qu\u00e9 vendes:<\/label><\/div><div class='ff-el-input--content'><textarea aria-required=\"false\" aria-labelledby=\"label_ff_4_2_description\" name=\"description\" id=\"ff_4_2_description\" class=\"ff-el-form-control\" placeholder=\"Lo que nos ser\u00eda \u00fatil es la direcci\u00f3n de su propiedad y cualquier otra informaci\u00f3n que considere relevante para nosotros.\" rows=\"3\" cols=\"2\" data-name=\"description\" ><\/textarea><\/div><\/div><div class='ff-el-group ff-text-left ff_submit_btn_wrapper'><button type=\"submit\" class=\"ff-btn ff-btn-submit ff-btn-md ff_btn_style\"  aria-label=\"Enviar formulario\">Enviar formulario<\/button><\/div><\/fieldset><input type=\"hidden\" name=\"trp-form-language\" value=\"es\"\/><\/form><div id='fluentform_4_errors' class='ff-errors-in-stack ff_form_instance_4_2 ff-form-loading_errors ff_form_instance_4_2_errors'><\/div><\/div>            <script type=\"text\/javascript\">\n                window.fluent_form_ff_form_instance_4_2 = {\"id\":\"4\",\"ajaxUrl\":\"https:\\\/\\\/buy.daytonproper.com\\\/wp-admin\\\/admin-ajax.php\",\"settings\":{\"layout\":{\"labelPlacement\":\"top\",\"asteriskPlacement\":\"asterisk-right\",\"helpMessagePlacement\":\"with_label\",\"errorMessagePlacement\":\"inline\",\"cssClassName\":\"\"},\"restrictions\":{\"denyEmptySubmission\":{\"enabled\":false}}},\"form_instance\":\"ff_form_instance_4_2\",\"form_id_selector\":\"fluentform_4\",\"rules\":{\"names[first_name]\":{\"required\":{\"value\":false,\"message\":\"This field is required\",\"global_message\":\"This field is required\",\"global\":true}},\"names[middle_name]\":{\"required\":{\"value\":false,\"message\":\"This field is required\",\"global_message\":\"This field is required\",\"global\":true}},\"names[last_name]\":{\"required\":{\"value\":false,\"message\":\"This field is required\",\"global_message\":\"This field is required\",\"global\":true}},\"email\":{\"required\":{\"value\":true,\"message\":\"This field is required\",\"global_message\":\"This field is required\",\"global\":true},\"email\":{\"value\":true,\"message\":\"This field must contain a valid email\",\"global_message\":\"This field must contain a valid email\",\"global\":true}},\"input_text\":{\"required\":{\"value\":true,\"message\":\"This field is required\",\"global_message\":\"This field is required\",\"global\":true}},\"description\":{\"required\":{\"value\":false,\"message\":\"This field is required\",\"global_message\":\"This field is required\",\"global\":true}}},\"debounce_time\":300};\n                            <\/script>\n            \n\n\n<div class=\"wp-block-image\">\n<figure class=\"aligncenter size-large\"><img loading=\"lazy\" decoding=\"async\" width=\"1024\" height=\"768\" src=\"https:\/\/buy.daytonproper.com\/wp-content\/uploads\/2025\/12\/Harriet-St-House-Carillon-Neighborhood-1024x768.jpg\" alt=\"Sell a home in Dayton\" class=\"wp-image-647\" srcset=\"https:\/\/buy.daytonproper.com\/wp-content\/uploads\/2025\/12\/Harriet-St-House-Carillon-Neighborhood-1024x768.jpg 1024w, https:\/\/buy.daytonproper.com\/wp-content\/uploads\/2025\/12\/Harriet-St-House-Carillon-Neighborhood-300x225.jpg 300w, https:\/\/buy.daytonproper.com\/wp-content\/uploads\/2025\/12\/Harriet-St-House-Carillon-Neighborhood-768x576.jpg 768w, https:\/\/buy.daytonproper.com\/wp-content\/uploads\/2025\/12\/Harriet-St-House-Carillon-Neighborhood-1536x1152.jpg 1536w, https:\/\/buy.daytonproper.com\/wp-content\/uploads\/2025\/12\/Harriet-St-House-Carillon-Neighborhood-2048x1536.jpg 2048w\" sizes=\"auto, (max-width: 1024px) 100vw, 1024px\" \/><figcaption class=\"wp-element-caption\">Vender una casa en Dayton | En cualquier estado<\/figcaption><\/figure>\n<\/div>\n\n\n<p><\/p>","protected":false},"excerpt":{"rendered":"<p>Selling your home in Dayton shouldn\u2019t feel stressful, risky, or confusing. Whether your property is fully updated, needs major repairs, or you simply want the fastest, cleanest sale possible, our team at Dayton Proper gives you something most companies can\u2019t: a real choice. As licensed Realtors and active real estate investors with over 600 homes &#8230; <a title=\"Vender una casa en Dayton\" class=\"read-more\" href=\"https:\/\/buy.daytonproper.com\/es\/sell-a-home-in-dayton\/\" aria-label=\"Leer m\u00e1s sobre Sell a Home in Dayton\">Leer m\u00e1s<\/a><\/p>","protected":false},"author":1,"featured_media":0,"parent":0,"menu_order":0,"comment_status":"closed","ping_status":"closed","template":"","meta":{"footnotes":""},"class_list":["post-633","page","type-page","status-publish"],"_hostinger_reach_plugin_has_subscription_block":false,"_hostinger_reach_plugin_is_elementor":false,"_links":{"self":[{"href":"https:\/\/buy.daytonproper.com\/es\/wp-json\/wp\/v2\/pages\/633","targetHints":{"allow":["GET"]}}],"collection":[{"href":"https:\/\/buy.daytonproper.com\/es\/wp-json\/wp\/v2\/pages"}],"about":[{"href":"https:\/\/buy.daytonproper.com\/es\/wp-json\/wp\/v2\/types\/page"}],"author":[{"embeddable":true,"href":"https:\/\/buy.daytonproper.com\/es\/wp-json\/wp\/v2\/users\/1"}],"replies":[{"embeddable":true,"href":"https:\/\/buy.daytonproper.com\/es\/wp-json\/wp\/v2\/comments?post=633"}],"version-history":[{"count":2,"href":"https:\/\/buy.daytonproper.com\/es\/wp-json\/wp\/v2\/pages\/633\/revisions"}],"predecessor-version":[{"id":660,"href":"https:\/\/buy.daytonproper.com\/es\/wp-json\/wp\/v2\/pages\/633\/revisions\/660"}],"wp:attachment":[{"href":"https:\/\/buy.daytonproper.com\/es\/wp-json\/wp\/v2\/media?parent=633"}],"curies":[{"name":"wp","href":"https:\/\/api.w.org\/{rel}","templated":true}]}}