{"id":4,"date":"2025-11-25T01:49:56","date_gmt":"2025-11-25T01:49:56","guid":{"rendered":"https:\/\/orchid-dotterel-828105.hostingersite.com\/?page_id=4"},"modified":"2025-12-07T19:00:50","modified_gmt":"2025-12-07T19:00:50","slug":"home","status":"publish","type":"page","link":"https:\/\/buy.daytonproper.com\/fr\/","title":{"rendered":"Home"},"content":{"rendered":"<div class=\"wp-block-group has-base-background-color has-background\"><div class=\"wp-block-group__inner-container is-layout-constrained wp-block-group-is-layout-constrained\">\n<h1 class=\"wp-block-heading has-text-align-center has-accent-color has-text-color has-link-color has-large-font-size wp-elements-249708be16f9f7075d95737959ed1839\">DEVENIR PROPRI\u00c9TAIRE D'UNE MAISON \u00c0 DAYTON. CONSTRUIRE UN AVENIR DANS NOTRE COMMUNAUT\u00c9.<\/h1>\n\n\n\n<p class=\"has-accent-color has-base-background-color has-text-color has-background has-link-color has-medium-font-size wp-elements-1efae7ab789ea89f69ebd466591cb4b2\">Dayton Proper aide les locataires, les familles et les r\u00e9sidents \u00e0 vie de Dayton \u00e0 devenir propri\u00e9taires. Nous vous mettons en contact avec des logements de qualit\u00e9, des partenaires pr\u00eateurs locaux de confiance, et un chemin clair vers la propri\u00e9t\u00e9 - sans contrats de location-vente pr\u00e9dateurs.<\/p>\n\n\n\n<div class=\"wp-block-buttons alignfull is-content-justification-space-between is-layout-flex wp-container-core-buttons-is-layout-3d213aab wp-block-buttons-is-layout-flex\">\n<div class=\"wp-block-button is-style-fill\"><a class=\"wp-block-button__link has-base-color has-accent-background-color has-text-color has-background has-link-color wp-element-button\" href=\"https:\/\/mortgage.texanabank.com\/loan-officer\/lance-tearnan\/\" target=\"_blank\" rel=\"noreferrer noopener nofollow\">Commencez d\u00e8s aujourd'hui<\/a><\/div>\n\n\n\n<div class=\"wp-block-button is-style-fill\"><a class=\"wp-block-button__link has-base-color has-accent-background-color has-text-color has-background has-link-color wp-element-button\" href=\"https:\/\/daytonproper.com\/availability\" target=\"_blank\" rel=\"noreferrer noopener\">Voir les maisons disponibles<\/a><\/div>\n<\/div>\n<\/div><\/div>\n\n\n\n<div class=\"wp-block-group\"><div class=\"wp-block-group__inner-container is-layout-constrained wp-block-group-is-layout-constrained\">\n<h2 class=\"wp-block-heading has-text-align-center\">NOTRE MISSION : ACCRO\u00ceTRE L'ACCESSION \u00c0 LA PROPRI\u00c9T\u00c9. TRANSFORMER DAYTON.<\/h2>\n\n\n\n<p>L'accession \u00e0 la propri\u00e9t\u00e9 renforce les familles, ancre les quartiers et cr\u00e9e une richesse g\u00e9n\u00e9rationnelle.<br>Nous nous engageons \u00e0 aider un plus grand nombre d'habitants de Dayton \u00e0 passer du statut de locataire \u00e0 celui de propri\u00e9taire, de mani\u00e8re \u00e9thique, transparente et avec un r\u00e9el soutien.<\/p>\n<\/div><\/div>\n\n\n\n<div class=\"wp-block-group\"><div class=\"wp-block-group__inner-container is-layout-constrained wp-block-group-is-layout-constrained\">\n<h2 class=\"wp-block-heading has-text-align-center\">POURQUOI DAYTON A BESOIN DE PLUS DE PROPRI\u00c9TAIRES<\/h2>\n\n\n\n<p>Lorsque davantage d'habitants de Dayton sont propri\u00e9taires de leur logement, c'est toute la communaut\u00e9 qui en b\u00e9n\u00e9ficie :<\/p>\n\n\n\n<ul class=\"wp-block-list\">\n<li>Une plus grande stabilit\u00e9 du quartier<\/li>\n\n\n\n<li>Diminution du chiffre d'affaires<\/li>\n\n\n\n<li>Une plus grande implication de la communaut\u00e9<\/li>\n\n\n\n<li>Plus de fiert\u00e9 pour les rues locales<\/li>\n\n\n\n<li>De meilleurs r\u00e9sultats pour les familles et les enfants<\/li>\n<\/ul>\n\n\n\n<p>Il s'agit d'une transformation de la communaut\u00e9 par le biais de l'accession \u00e0 la propri\u00e9t\u00e9.<\/p>\n\n\n\n<h2 class=\"wp-block-heading has-text-align-center\"><strong>LOUEZ AUJOURD'HUI. ACHETEZ QUAND VOUS \u00caTES PR\u00caT. SANS LES PI\u00c8GES.<\/strong><\/h2>\n\n\n\n<p>Nous le faisons <strong>pas<\/strong> proposent des formules traditionnelles de location avec option d'achat, de location-vente ou de contrat foncier.<br>Ces mod\u00e8les ont une longue histoire de frais cach\u00e9s, de conditions injustes et de pratiques pr\u00e9datrices.<\/p>\n\n\n\n<p><strong>Ce que nous proposons est diff\u00e9rent. Compl\u00e8tement diff\u00e9rent.<\/strong><\/p>\n\n\n\n<h3 class=\"wp-block-heading\">\u2714 <strong>Contrat de location standard<\/strong><\/h3>\n\n\n\n<p>Vous louez comme d'habitude - pas de frais suppl\u00e9mentaires, pas de mensualit\u00e9s gonfl\u00e9es, pas d'astuces.<\/p>\n\n\n\n<h3 class=\"wp-block-heading\">\u2714 <strong>Acheter \u00e0 tout moment<\/strong><\/h3>\n\n\n\n<p>Si vous d\u00e9cidez de devenir propri\u00e9taire du logement que vous louez, nous vous aiderons \u00e0 y parvenir.<\/p>\n\n\n\n<h3 class=\"wp-block-heading\">\u2714 <strong>Aide \u00e0 l'acompte (int\u00e9gr\u00e9e \u00e0 l'achat)<\/strong><\/h3>\n\n\n\n<p>Comme nous sommes propri\u00e9taires du bien, nous pouvons structurer la vente de mani\u00e8re \u00e0 ce qu'une partie ou la totalit\u00e9 de votre acompte soit incluse dans les termes de l'accord.<br>Cela signifie que :<\/p>\n\n\n\n<ul class=\"wp-block-list\">\n<li>Pas d'\u00e9pargne depuis des ann\u00e9es<\/li>\n\n\n\n<li>Pas besoin d'argent surprise<\/li>\n\n\n\n<li>Une v\u00e9ritable voie pour devenir propri\u00e9taire du logement que vous habitez d\u00e9j\u00e0<\/li>\n<\/ul>\n\n\n\n<h3 class=\"wp-block-heading\">\u2714 <strong>Pas de \u201ccr\u00e9dits de loyer\u201d ni de faux fonds propres<\/strong><\/h3>\n\n\n\n<p>Nous le faisons <strong>pas<\/strong> vous dire qu'une partie de votre loyer est consacr\u00e9e \u00e0 la propri\u00e9t\u00e9.\u201c<br>C'est le pi\u00e8ge classique de la location-vente.<br>Votre loyer est un loyer. Votre contrat d'achat est un contrat d'achat.<br>Clair. Propre. Transparent.<\/p>\n\n\n\n<h3 class=\"wp-block-heading\">\u2714 <strong>Une v\u00e9ritable voie vers l'accession \u00e0 la propri\u00e9t\u00e9 \u00e0 un prix abordable<\/strong><\/h3>\n\n\n\n<p>Nous aidons les locataires \u00e0 devenir propri\u00e9taires de mani\u00e8re responsable et durable, car la communaut\u00e9 a besoin de plus de propri\u00e9taires stables, et non de plus d'expulsions ou d'\u00e9checs de contrats.<\/p>\n\n\n<div class='fluentform ff-default fluentform_wrapper_3 ffs_default_wrap'><form data-form_id=\"3\" id=\"fluentform_3\" class=\"frm-fluent-form fluent_form_3 ff-el-form-top ff_form_instance_3_1 ff-form-loading ffs_default\" data-form_instance=\"ff_form_instance_3_1\" method=\"POST\" action=\"\" ><fieldset  style=\"border: none!important;margin: 0!important;padding: 0!important;background-color: transparent!important;box-shadow: none!important;outline: none!important; min-inline-size: 100%;\">\n                    <legend class=\"ff_screen_reader_title\" style=\"display: block; margin: 0!important;padding: 0!important;height: 0!important;text-indent: -999999px;width: 0!important;overflow:hidden;\">Formulaire de l'acheteur<\/legend><input type='hidden' name='__fluent_form_embded_post_id' value='4' \/><input type=\"hidden\" id=\"_fluentform_3_fluentformnonce\" name=\"_fluentform_3_fluentformnonce\" value=\"cbcc7e4e82\" \/><input type=\"hidden\" name=\"_wp_http_referer\" value=\"\/fr\/wp-json\/wp\/v2\/pages\/4\" \/><div data-type=\"name-element\" data-name=\"names\" class=\"ff-field_container ff-name-field-wrapper\" ><div class='ff-t-container'><div class='ff-t-cell'><div class='ff-el-group ff-el-form-top'><div class=\"ff-el-input--label asterisk-right\"><label for='ff_3_names_first_name_' id='label_ff_3_names_first_name_' >Pr\u00e9nom<\/label><\/div><div class='ff-el-input--content'><input type=\"text\" name=\"names[first_name]\" id=\"ff_3_names_first_name_\" class=\"ff-el-form-control\" placeholder=\"Saisissez votre pr\u00e9nom\" aria-invalid=\"false\" aria-required=\"false\"><\/div><\/div><\/div><div class='ff-t-cell'><div class='ff-el-group ff-el-form-top'><div class=\"ff-el-input--label asterisk-right\"><label for='ff_3_names_last_name_' id='label_ff_3_names_last_name_' >Nom de famille<\/label><\/div><div class='ff-el-input--content'><input type=\"text\" name=\"names[last_name]\" id=\"ff_3_names_last_name_\" class=\"ff-el-form-control\" placeholder=\"Saisissez votre nom de famille\" aria-invalid=\"false\" aria-required=\"false\"><\/div><\/div><\/div><\/div><\/div><div class='ff-el-group'><div class=\"ff-el-input--label ff-el-is-required asterisk-right\"><label for='ff_3_email' id='label_ff_3_email' aria-label=\"Courriel\">Courriel<\/label><\/div><div class='ff-el-input--content'><input type=\"email\" name=\"email\" id=\"ff_3_email\" class=\"ff-el-form-control\" placeholder=\"Adresse \u00e9lectronique\" data-name=\"email\"  aria-invalid=\"false\" aria-required=\"true\"><\/div><\/div><div class='ff-el-group'><div class=\"ff-el-input--label ff-el-is-required asterisk-right\"><label for='ff_3_input_text' id='label_ff_3_input_text' aria-label=\"Num\u00e9ro de t\u00e9l\u00e9phone\">Num\u00e9ro de t\u00e9l\u00e9phone<\/label><\/div><div class='ff-el-input--content'><input type=\"text\" name=\"input_text\" class=\"ff-el-form-control\" placeholder=\"###-###-####\" data-name=\"input_text\" id=\"ff_3_input_text\"  aria-invalid=\"false\" aria-required=\"true\"><\/div><\/div><div class='ff-el-group'><div class=\"ff-el-input--label asterisk-right\"><label for='ff_3_description' id='label_ff_3_description' aria-label=\"Dites-nous ce que vous recherchez :\">Dites-nous ce que vous recherchez :<\/label><\/div><div class='ff-el-input--content'><textarea aria-required=\"false\" aria-labelledby=\"label_ff_3_description\" name=\"description\" id=\"ff_3_description\" class=\"ff-el-form-control\" placeholder=\"Il serait utile de conna\u00eetre le nombre de chambres et de salles de bain que vous souhaitez, le quartier, la taille du terrain, votre budget et tout autre \u00e9l\u00e9ment qui, selon vous, nous permettrait de vous aider au mieux. \" rows=\"3\" cols=\"2\" data-name=\"description\" ><\/textarea><\/div><\/div><div class='ff-el-group ff-text-left ff_submit_btn_wrapper'><button type=\"submit\" class=\"ff-btn ff-btn-submit ff-btn-md ff_btn_style\"  aria-label=\"Soumettre le formulaire\">Soumettre le formulaire<\/button><\/div><\/fieldset><input type=\"hidden\" name=\"trp-form-language\" value=\"fr\"\/><\/form><div id='fluentform_3_errors' class='ff-errors-in-stack ff_form_instance_3_1 ff-form-loading_errors ff_form_instance_3_1_errors'><\/div><\/div>            <script type=\"text\/javascript\">\n                window.fluent_form_ff_form_instance_3_1 = {\"id\":\"3\",\"settings\":{\"layout\":{\"labelPlacement\":\"top\",\"asteriskPlacement\":\"asterisk-right\",\"helpMessagePlacement\":\"with_label\",\"errorMessagePlacement\":\"inline\",\"cssClassName\":\"\"},\"restrictions\":{\"denyEmptySubmission\":{\"enabled\":false}}},\"form_instance\":\"ff_form_instance_3_1\",\"form_id_selector\":\"fluentform_3\",\"rules\":{\"names[first_name]\":{\"required\":{\"value\":false,\"message\":\"This field is required\",\"global_message\":\"This field is required\",\"global\":true}},\"names[middle_name]\":{\"required\":{\"value\":false,\"message\":\"This field is required\",\"global_message\":\"This field is required\",\"global\":true}},\"names[last_name]\":{\"required\":{\"value\":false,\"message\":\"This field is required\",\"global_message\":\"This field is required\",\"global\":true}},\"email\":{\"required\":{\"value\":true,\"message\":\"This field is required\",\"global_message\":\"This field is required\",\"global\":true},\"email\":{\"value\":true,\"message\":\"This field must contain a valid email\",\"global_message\":\"This field must contain a valid email\",\"global\":true}},\"input_text\":{\"required\":{\"value\":true,\"message\":\"This field is required\",\"global_message\":\"This field is required\",\"global\":true}},\"description\":{\"required\":{\"value\":false,\"message\":\"This field is required\",\"global_message\":\"This field is required\",\"global\":true}}},\"debounce_time\":300};\n                            <\/script>\n            \n\n\n\n<h2 class=\"wp-block-heading has-text-align-center\">\u00caTES-VOUS UN LOCATAIRE EN BONNE GESTION ? CE PROGRAMME EST POUR VOUS.<\/h2>\n\n\n\n<p>Si vous aimez Dayton et souhaitez vous y installer, vous pouvez commencer \u00e0 vous pr\u00e9parer \u00e0 devenir propri\u00e9taire d\u00e8s aujourd'hui.<\/p>\n\n\n\n<p>Notre \u00e9quipe :<\/p>\n\n\n\n<ul class=\"wp-block-list\">\n<li>Examinez votre profil de cr\u00e9dit (soft check), <em>pas d'impact sur le score<\/em>)<\/li>\n\n\n\n<li>\u00c9laborer un plan personnalis\u00e9 pour vous pr\u00e9parer \u00e0 l'hypoth\u00e8que<\/li>\n\n\n\n<li>Vous mettre en contact avec les programmes de pr\u00eats et les ressources en mati\u00e8re d'acompte appropri\u00e9s.<\/li>\n\n\n\n<li>Vous aider \u00e0 passer de la location \u00e0 la propri\u00e9t\u00e9 en douceur<\/li>\n<\/ul>\n\n\n\n<p>Il est simple, s\u00fbr et con\u00e7u pour aider votre famille \u00e0 r\u00e9ussir.<\/p>\n\n\n\n<div class=\"wp-block-buttons is-content-justification-center is-layout-flex wp-container-core-buttons-is-layout-16018d1d wp-block-buttons-is-layout-flex\">\n<div class=\"wp-block-button\"><a class=\"wp-block-button__link wp-element-button\" href=\"https:\/\/mortgage.texanabank.com\/loan-officer\/lance-tearnan\/\" target=\"_blank\" rel=\"noreferrer noopener\">Voir o\u00f9 vous en \u00eates<\/a><\/div>\n\n\n\n<div class=\"wp-block-button\"><a class=\"wp-block-button__link wp-element-button\" href=\"https:\/\/www.daytonproper.com\/availability\" target=\"_blank\" rel=\"noreferrer noopener\">Voir les maisons disponibles<\/a><\/div>\n<\/div>\n<\/div><\/div>\n\n\n\n<div class=\"wp-block-group\"><div class=\"wp-block-group__inner-container is-layout-constrained wp-block-group-is-layout-constrained\">\n<h2 class=\"wp-block-heading has-text-align-center\">COMMENCEZ PAR UNE V\u00c9RIFICATION GRATUITE ET SANS IMPACT DE LA PR\u00c9APPROBATION<\/h2>\n\n\n\n<p>Nous avons \u00e9tabli un partenariat avec <strong>Lance Tearnan<\/strong> \u00e0 la Texana Bank parce qu'il comprend les habitants de Dayton et notre mission.<\/p>\n\n\n\n<p><strong>Le fait de faire une demande aupr\u00e8s de Lance n'affecte PAS votre cote de cr\u00e9dit.<\/strong><br>Il s'agit d'une \u201cenqu\u00eate douce\u201d - vous obtenez un aper\u00e7u de votre situation financi\u00e8re sans aucun risque.<\/p>\n\n\n\n<h3 class=\"wp-block-heading\"><strong>Pourquoi commencer ici ?<\/strong><\/h3>\n\n\n\n<ul class=\"wp-block-list\">\n<li>Vous saurez o\u00f9 vous en \u00eates aujourd'hui<\/li>\n\n\n\n<li>Nous saurons ce qui doit \u00eatre am\u00e9lior\u00e9<\/li>\n\n\n\n<li>Ensemble, nous pouvons \u00e9laborer un plan \u00e9tape par \u00e9tape pour vous permettre de trouver un logement.<\/li>\n\n\n\n<li>Vous comprendrez les options de pr\u00eat, les programmes de versement d'un acompte et le calendrier.<\/li>\n<\/ul>\n\n\n\n<div class=\"wp-block-buttons is-content-justification-center is-layout-flex wp-container-core-buttons-is-layout-16018d1d wp-block-buttons-is-layout-flex\">\n<div class=\"wp-block-button\"><a class=\"wp-block-button__link wp-element-button\" href=\"https:\/\/mortgage.texanabank.com\/loan-officer\/lance-tearnan\/\" target=\"_blank\" rel=\"noreferrer noopener nofollow\">\ud83d\udc49 Commencez votre v\u00e9rification gratuite de pr\u00e9approbation<\/a><\/div>\n<\/div>\n<\/div><\/div>\n\n\n\n<div class=\"wp-block-group has-accent-color has-base-background-color has-text-color has-background has-link-color wp-elements-afe57ee7c7c66a504282e18f67216693\"><div class=\"wp-block-group__inner-container is-layout-constrained wp-block-group-is-layout-constrained\">\n<h2 class=\"wp-block-heading has-text-align-center\">Nos logements disponibles<\/h2>\n\n\n\n<p class=\"has-text-align-left\">Parcourez les maisons \u00e0 Dayton qui sont pr\u00eates \u00e0 \u00eatre achet\u00e9es ou lou\u00e9es aujourd'hui avec la possibilit\u00e9 d'\u00eatre propri\u00e9taire \u00e0 l'avenir.<br><\/p>\n\n\n\n<div class=\"wp-block-buttons is-content-justification-center is-layout-flex wp-container-core-buttons-is-layout-16018d1d wp-block-buttons-is-layout-flex\">\n<div class=\"wp-block-button\"><a class=\"wp-block-button__link has-text-align-center wp-element-button\" href=\"https:\/\/www.daytonproper.com\/availability\" target=\"_blank\" rel=\"noreferrer noopener\">Voir tous les logements<\/a><\/div>\n<\/div>\n<\/div><\/div>\n\n\n\n<div class=\"wp-block-group\"><div class=\"wp-block-group__inner-container is-layout-constrained wp-block-group-is-layout-constrained\">\n<h2 class=\"wp-block-heading has-text-align-center\">\u00c0 propos de nous<\/h2>\n\n\n\n<p>Depuis des ann\u00e9es, Proper Management propose aux familles de Dayton des logements locatifs abordables et de grande qualit\u00e9.<br>Aujourd'hui, gr\u00e2ce \u00e0 Dayton Proper, nous franchissons une nouvelle \u00e9tape au service de nos habitants et de notre ville.<\/p>\n\n\n\n<p><strong>Nous nous engageons \u00e0 :<\/strong><\/p>\n\n\n\n<ul class=\"wp-block-list\">\n<li>Accro\u00eetre l'accession \u00e0 la propri\u00e9t\u00e9<\/li>\n\n\n\n<li>Stabilisation des quartiers<\/li>\n\n\n\n<li>Soutenir les familles<\/li>\n\n\n\n<li>Cr\u00e9er un patrimoine g\u00e9n\u00e9rationnel \u00e0 Dayton<\/li>\n<\/ul>\n\n\n\n<h3 class=\"wp-block-heading\"><strong>Nos valeurs<\/strong><\/h3>\n\n\n\n<p>Foi. La famille. Fun.<br>Ces principes guident tout ce que nous faisons, de la mani\u00e8re dont nous traitons nos locataires \u00e0 la mani\u00e8re dont nous servons notre communaut\u00e9.<\/p>\n\n\n\n<div class=\"wp-block-group\"><div class=\"wp-block-group__inner-container is-layout-constrained wp-block-group-is-layout-constrained\">\n<h2 class=\"wp-block-heading has-text-align-center\" style=\"font-size:32px\">Pr\u00eat \u00e0 devenir propri\u00e9taire \u00e0 Dayton ?<\/h2>\n\n\n\n<blockquote class=\"wp-block-quote is-style-plain is-layout-flow wp-block-quote-is-layout-flow\">\n<p class=\"has-medium-font-size\">Que vous soyez un locataire actuel ou un nouvel arrivant dans la r\u00e9gion, nous sommes l\u00e0 pour vous aider \u00e0 prendre votre avenir en main en vous proposant une voie claire et honn\u00eate vers l'accession \u00e0 la propri\u00e9t\u00e9.<\/p>\n<\/blockquote>\n\n\n\n<script type='text\/javascript' charset='utf-8'>\n  document.write(unescape(\"%3Cscript src='\" + (('https:' == document.location.protocol) ? 'https:' : 'http:') + \"\/\/propermgmt.appfolio.com\/javascripts\/listing.js' type='text\/javascript'%3E%3C\/script%3E\"));\n<\/script>\n\n<script type='text\/javascript' charset='utf-8'>\n  Appfolio.Listing({\n    hostUrl: 'propermgmt.appfolio.com',\n    \/\/propertyGroup: 'My Group Name',\n    themeColor: '#676767',\n    height: '500px',\n    width: '100%',\n    defaultOrder: 'date_posted'\n  });\n<\/script>\n<\/div><\/div>\n<\/div><\/div>\n\n\n\n<div class=\"wp-block-group\"><div class=\"wp-block-group__inner-container is-layout-constrained wp-block-group-is-layout-constrained\">\n<h2 class=\"wp-block-heading has-text-align-center\">\ud83d\udc9b Ce qui se passe \u00e0 Dayton<\/h2>\n\n\n\n<p class=\"has-text-align-center\">Des histoires locales s\u00e9lectionn\u00e9es pour aider les futurs propri\u00e9taires \u00e0 d\u00e9couvrir le meilleur de notre ville.<\/p>\n\n\n<div class=\"wpra-display align\" data-display-id=\"1\" hx-target=\"this\" hx-swap=\"outerHTML\">    <div class=\"wp-rss-aggregator wpra-list-template\">\n        <ul class=\"rss-aggregator wpra-item-list wpra-item-list--bullets wpra-item-list--default\" start=\"1\">\n                <li class=\"wpra-item feed-item\">\n        <a href=\"https:\/\/daytonreport.com\/2419-thornton-sells-above-list-price\/\" class=\"\" target=\"_blank\" rel=\"noopener noreferrer nofollow\" style=\"\">2419 Thornton Drive Sells Above List Price, Reinforcing West Dayton\u2019s Desirability<\/a>\n\n        <div class=\"wprss-feed-meta\">\n                <span class=\"feed-source\">\n        Source :  <a href=\"https:\/\/daytonreport.com\/feed\/\" class=\"\" target=\"_blank\" rel=\"noopener noreferrer nofollow\" style=\"\">Rapport Dayton<\/a>\n    <\/span>\n                <span class=\"feed-date\">\n        Date:  2026-01-10\n    <\/span>\n            <span class=\"feed-author\">Par Dayton Report<\/span>\n        <\/div>\n\n        \n    <\/li>    <li class=\"wpra-item feed-item\">\n        <a href=\"https:\/\/daytonreport.com\/statues-in-dayton\/\" class=\"\" target=\"_blank\" rel=\"noopener noreferrer nofollow\" style=\"\">Statues \u00e0 Dayton m\u00e9ritant d'\u00eatre visit\u00e9es<\/a>\n\n        <div class=\"wprss-feed-meta\">\n                <span class=\"feed-source\">\n        Source :  <a href=\"https:\/\/daytonreport.com\/feed\/\" class=\"\" target=\"_blank\" rel=\"noopener noreferrer nofollow\" style=\"\">Rapport Dayton<\/a>\n    <\/span>\n                <span class=\"feed-date\">\n        Date : 2025-12-30\n    <\/span>\n            <span class=\"feed-author\">Par Dayton Report<\/span>\n        <\/div>\n\n        \n    <\/li>    <li class=\"wpra-item feed-item\">\n        <a href=\"https:\/\/daytonreport.com\/2030-burroughs-continues-momentum-in-west-dayton\/\" class=\"\" target=\"_blank\" rel=\"noopener noreferrer nofollow\" style=\"\">2030 Burroughs Drive Sale Signals Continued Momentum in West Dayton<\/a>\n\n        <div class=\"wprss-feed-meta\">\n                <span class=\"feed-source\">\n        Source :  <a href=\"https:\/\/daytonreport.com\/feed\/\" class=\"\" target=\"_blank\" rel=\"noopener noreferrer nofollow\" style=\"\">Rapport Dayton<\/a>\n    <\/span>\n                <span class=\"feed-date\">\n        Date:  2025-12-19\n    <\/span>\n            <span class=\"feed-author\">Par Dayton Report<\/span>\n        <\/div>\n\n        \n    <\/li>\n        <\/ul>\n    <\/div>     <div class=\"nav-links wpra-nav-links numbered\">\n        \n        \n            <span class=\"alignleft wpra-feed-current-page\">\n        1\n    <\/span>    <div class=\"nav-next alignleft wpra-feed-page\">\n            <a data-wpra-page=\"2\" hx-post=\"https:\/\/buy.daytonproper.com\/wp-admin\/admin-ajax.php\" hx-vals=\"{&quot;action&quot;:&quot;wpra.render.display&quot;,&quot;data&quot;:{&quot;id&quot;:1,&quot;page&quot;:2,&quot;sources&quot;:&quot;1&quot;,&quot;limit&quot;:3,&quot;pagination&quot;:&quot;on&quot;,&quot;_wpnonce&quot;:&quot;5bc196d6c9&quot;}}\">\n        2\n    <\/a>\n    <\/div>    <div class=\"nav-next alignleft wpra-feed-page\">\n            <a data-wpra-page=\"3\" hx-post=\"https:\/\/buy.daytonproper.com\/wp-admin\/admin-ajax.php\" hx-vals=\"{&quot;action&quot;:&quot;wpra.render.display&quot;,&quot;data&quot;:{&quot;id&quot;:1,&quot;page&quot;:3,&quot;sources&quot;:&quot;1&quot;,&quot;limit&quot;:3,&quot;pagination&quot;:&quot;on&quot;,&quot;_wpnonce&quot;:&quot;5bc196d6c9&quot;}}\">\n        3\n    <\/a>\n    <\/div>\n        <span class=\"alignleft wpra-feed-more-pages\">\u2026<\/span>\n            <div class=\"nav-next alignleft wpra-feed-next-pages\">\n            <a data-wpra-page=\"2\" hx-post=\"https:\/\/buy.daytonproper.com\/wp-admin\/admin-ajax.php\" hx-vals=\"{&quot;action&quot;:&quot;wpra.render.display&quot;,&quot;data&quot;:{&quot;id&quot;:1,&quot;page&quot;:2,&quot;sources&quot;:&quot;1&quot;,&quot;limit&quot;:3,&quot;pagination&quot;:&quot;on&quot;,&quot;_wpnonce&quot;:&quot;5bc196d6c9&quot;}}\">\n        Next\n    <\/a>\n    <\/div>\n    <\/div><\/div>\n<\/div><\/div>\n\n\n\n<p><\/p>","protected":false},"excerpt":{"rendered":"<p>OWN A HOME IN DAYTON. BUILD A FUTURE IN OUR COMMUNITY. Dayton Proper helps renters, families, and lifelong Dayton residents become homeowners. We connect you with quality homes, trusted local lending partners, and a clear path to ownership\u2014without predatory rent-to-own contracts. OUR MISSION: INCREASE HOMEOWNERSHIP. TRANSFORM DAYTON. Homeownership strengthens families, anchors neighborhoods, and builds generational &#8230; <a title=\"Home\" class=\"read-more\" href=\"https:\/\/buy.daytonproper.com\/fr\/\" aria-label=\"En savoir plus sur Home\">En savoir plus<\/a><\/p>","protected":false},"author":1,"featured_media":0,"parent":0,"menu_order":0,"comment_status":"closed","ping_status":"closed","template":"","meta":{"footnotes":""},"class_list":["post-4","page","type-page","status-publish"],"_hostinger_reach_plugin_has_subscription_block":false,"_hostinger_reach_plugin_is_elementor":false,"_links":{"self":[{"href":"https:\/\/buy.daytonproper.com\/fr\/wp-json\/wp\/v2\/pages\/4","targetHints":{"allow":["GET"]}}],"collection":[{"href":"https:\/\/buy.daytonproper.com\/fr\/wp-json\/wp\/v2\/pages"}],"about":[{"href":"https:\/\/buy.daytonproper.com\/fr\/wp-json\/wp\/v2\/types\/page"}],"author":[{"embeddable":true,"href":"https:\/\/buy.daytonproper.com\/fr\/wp-json\/wp\/v2\/users\/1"}],"replies":[{"embeddable":true,"href":"https:\/\/buy.daytonproper.com\/fr\/wp-json\/wp\/v2\/comments?post=4"}],"version-history":[{"count":0,"href":"https:\/\/buy.daytonproper.com\/fr\/wp-json\/wp\/v2\/pages\/4\/revisions"}],"wp:attachment":[{"href":"https:\/\/buy.daytonproper.com\/fr\/wp-json\/wp\/v2\/media?parent=4"}],"curies":[{"name":"wp","href":"https:\/\/api.w.org\/{rel}","templated":true}]}}